{"id":3231,"date":"2025-12-17T07:11:31","date_gmt":"2025-12-17T07:11:31","guid":{"rendered":"https:\/\/elprapremium.com\/br\/?post_type=product&#038;p=3231"},"modified":"2025-12-17T07:11:33","modified_gmt":"2025-12-17T07:11:33","slug":"alavancas-2","status":"publish","type":"product","link":"https:\/\/elprapremium.com\/br\/product\/freio-e-partes-do-corpo\/alavancas-2\/","title":{"rendered":"Alavancas"},"content":{"rendered":"","protected":false},"excerpt":{"rendered":"<p><span dir=\"auto\">Produzimos alavancas da mais alta qualidade. Nossas alavancas s\u00e3o feitas de alum\u00ednio ZL-104 de alta qualidade.<\/span><\/p>\n<p><strong><span dir=\"auto\">Pontos fortes:<\/span><\/strong><\/p>\n<ul>\n<li><span dir=\"auto\">Mat\u00e9ria-prima de alta qualidade<\/span><\/li>\n<li><span dir=\"auto\">Medi\u00e7\u00f5es precisas<\/span><\/li>\n<li><span dir=\"auto\">Acabamento de superf\u00edcie lisa<\/span><\/li>\n<li><span dir=\"auto\">Alta durabilidade e resist\u00eancia<\/span><\/li>\n<li><span dir=\"auto\">Controle de qualidade rigoroso<\/span><\/li>\n<\/ul>\n<p><strong><span dir=\"auto\">Caracter\u00edsticas:<\/span><\/strong><\/p>\n<ul>\n<li><span dir=\"auto\">Alta resist\u00eancia \u00e0 tra\u00e7\u00e3o<\/span><\/li>\n<li><span dir=\"auto\">Resist\u00eancia \u00e0 corros\u00e3o<\/span><\/li>\n<li><span dir=\"auto\">Engenharia de Precis\u00e3o<\/span><\/li>\n<li><span dir=\"auto\">Sala de ferramentas certificada<\/span><\/li>\n<li><span dir=\"auto\">Testado contra falhas<\/span><\/li>\n<li><span dir=\"auto\">Testado sob raios X<\/span><\/li>\n<li><span dir=\"auto\">Design elegante<\/span><\/li>\n<li><span dir=\"auto\">Umidade monitorada<\/span><\/li>\n<li><span dir=\"auto\">Excelente acabamento de superf\u00edcie<\/span><\/li>\n<li><span dir=\"auto\">Composi\u00e7\u00e3o homog\u00eanea<\/span><\/li>\n<li><span dir=\"auto\">Fundi\u00e7\u00e3o sem rebarbas<\/span><\/li>\n<li><span dir=\"auto\">Fundi\u00e7\u00e3o impec\u00e1vel<\/span><\/li>\n<li><span dir=\"auto\">Velocidade de ciclo r\u00e1pida regulada<\/span><\/li>\n<li><span dir=\"auto\">Mat\u00e9ria-prima ADC 12<\/span><\/li>\n<\/ul>\n","protected":false},"featured_media":3232,"comment_status":"closed","ping_status":"closed","template":"","meta":[],"product_brand":[],"product_cat":[48],"product_tag":[],"class_list":{"0":"post-3231","1":"product","2":"type-product","3":"status-publish","4":"has-post-thumbnail","6":"product_cat-freio-e-partes-do-corpo","8":"first","9":"instock","10":"shipping-taxable","11":"product-type-simple"},"_links":{"self":[{"href":"https:\/\/elprapremium.com\/br\/wp-json\/wp\/v2\/product\/3231","targetHints":{"allow":["GET"]}}],"collection":[{"href":"https:\/\/elprapremium.com\/br\/wp-json\/wp\/v2\/product"}],"about":[{"href":"https:\/\/elprapremium.com\/br\/wp-json\/wp\/v2\/types\/product"}],"replies":[{"embeddable":true,"href":"https:\/\/elprapremium.com\/br\/wp-json\/wp\/v2\/comments?post=3231"}],"wp:featuredmedia":[{"embeddable":true,"href":"https:\/\/elprapremium.com\/br\/wp-json\/wp\/v2\/media\/3232"}],"wp:attachment":[{"href":"https:\/\/elprapremium.com\/br\/wp-json\/wp\/v2\/media?parent=3231"}],"wp:term":[{"taxonomy":"product_brand","embeddable":true,"href":"https:\/\/elprapremium.com\/br\/wp-json\/wp\/v2\/product_brand?post=3231"},{"taxonomy":"product_cat","embeddable":true,"href":"https:\/\/elprapremium.com\/br\/wp-json\/wp\/v2\/product_cat?post=3231"},{"taxonomy":"product_tag","embeddable":true,"href":"https:\/\/elprapremium.com\/br\/wp-json\/wp\/v2\/product_tag?post=3231"}],"curies":[{"name":"wp","href":"https:\/\/api.w.org\/{rel}","templated":true}]}}