{"id":2444,"date":"2025-11-02T10:06:21","date_gmt":"2025-11-02T10:06:21","guid":{"rendered":"https:\/\/elprapremium.creativebuffs.com\/?post_type=product&#038;p=2444"},"modified":"2025-12-09T19:14:01","modified_gmt":"2025-12-09T19:14:01","slug":"ey-822-street","status":"publish","type":"product","link":"https:\/\/elprapremium.com\/br\/product\/pneus-e-camaras\/rua\/ey-822-street\/","title":{"rendered":"EY-822-Street"},"content":{"rendered":"<p class=\"prd-tt-txt\"><span dir=\"auto\">FEATURES &amp; BENEFITS<\/span><\/p>\n<ul class=\"nuestra-dist-list-item\">\n<li><span dir=\"auto\">Ultra high performance<\/span><\/li>\n<li><span dir=\"auto\">Low noise<\/span><\/li>\n<li><span dir=\"auto\">Improved fuel efficiency and increased mileage<\/span><\/li>\n<li><span dir=\"auto\">Better handlebar response<\/span><\/li>\n<li><span dir=\"auto\">High directional stability<\/span><\/li>\n<li><span dir=\"auto\">Comfortable and smooth handling<\/span><\/li>\n<li><span dir=\"auto\">Greater resistance to rolling<\/span><\/li>\n<li><span dir=\"auto\">Optimized footprint for an ultra-quiet journey<\/span><\/li>\n<li><span dir=\"auto\">Reduced wear<\/span><\/li>\n<li><span dir=\"auto\">High durability, long service life<\/span><\/li>\n<li><span dir=\"auto\">Excellent grip<\/span><\/li>\n<\/ul>\n","protected":false},"excerpt":{"rendered":"<p class=\"prd-tt-txt\">CARACTER\u00cdSTICAS &amp; BENEF\u00cdCIOS<\/p>\n<ul class=\"nuestra-dist-list-item\">\n<li>Desempenho ultra alto<\/li>\n<li>Baixo n\u00edvel de ru\u00eddo<\/li>\n<li>Melhor efici\u00eancia de combust\u00edvel e maior quilometragem<\/li>\n<li>Melhor resposta do guid\u00e3o<\/li>\n<li>Alta estabilidade direcional<\/li>\n<li>Condu\u00e7\u00e3o confort\u00e1vel e suave<\/li>\n<li>Maior resist\u00eancia ao rolamento<\/li>\n<li>Pisada otimizada para uma viagem ultra silenciosa<\/li>\n<li>Menor desgaste<\/li>\n<li>Alta durabilidade e longa vida \u00fatil<\/li>\n<li>Excelente ader\u00eancia<\/li>\n<\/ul>\n","protected":false},"featured_media":2691,"comment_status":"closed","ping_status":"closed","template":"","meta":[],"product_brand":[],"product_cat":[53,54],"product_tag":[],"class_list":{"0":"post-2444","1":"product","2":"type-product","3":"status-publish","4":"has-post-thumbnail","6":"product_cat-pneus-e-camaras","7":"product_cat-rua","9":"first","10":"instock","11":"shipping-taxable","12":"product-type-simple"},"_links":{"self":[{"href":"https:\/\/elprapremium.com\/br\/wp-json\/wp\/v2\/product\/2444","targetHints":{"allow":["GET"]}}],"collection":[{"href":"https:\/\/elprapremium.com\/br\/wp-json\/wp\/v2\/product"}],"about":[{"href":"https:\/\/elprapremium.com\/br\/wp-json\/wp\/v2\/types\/product"}],"replies":[{"embeddable":true,"href":"https:\/\/elprapremium.com\/br\/wp-json\/wp\/v2\/comments?post=2444"}],"wp:featuredmedia":[{"embeddable":true,"href":"https:\/\/elprapremium.com\/br\/wp-json\/wp\/v2\/media\/2691"}],"wp:attachment":[{"href":"https:\/\/elprapremium.com\/br\/wp-json\/wp\/v2\/media?parent=2444"}],"wp:term":[{"taxonomy":"product_brand","embeddable":true,"href":"https:\/\/elprapremium.com\/br\/wp-json\/wp\/v2\/product_brand?post=2444"},{"taxonomy":"product_cat","embeddable":true,"href":"https:\/\/elprapremium.com\/br\/wp-json\/wp\/v2\/product_cat?post=2444"},{"taxonomy":"product_tag","embeddable":true,"href":"https:\/\/elprapremium.com\/br\/wp-json\/wp\/v2\/product_tag?post=2444"}],"curies":[{"name":"wp","href":"https:\/\/api.w.org\/{rel}","templated":true}]}}