{"id":2416,"date":"2025-11-02T08:57:55","date_gmt":"2025-11-02T08:57:55","guid":{"rendered":"https:\/\/elprapremium.creativebuffs.com\/?post_type=product&#038;p=2416"},"modified":"2025-12-09T19:32:48","modified_gmt":"2025-12-09T19:32:48","slug":"ey-022-street","status":"publish","type":"product","link":"https:\/\/elprapremium.com\/br\/product\/pneus-e-camaras\/rua\/ey-022-street\/","title":{"rendered":"EY-022-Street"},"content":{"rendered":"<table id=\"specification_table\" class=\"pro-specification pro-specification-notbattery\" border=\"0\" width=\"100%\" cellspacing=\"0\" cellpadding=\"0\">\n<tbody>\n<tr>\n<th align=\"left\" valign=\"middle\">SIZE<\/th>\n<th align=\"left\" valign=\"middle\">RIM<\/th>\n<th align=\"left\" valign=\"middle\">PR<\/th>\n<th align=\"left\" valign=\"middle\">LOAD INDEX<\/th>\n<th align=\"left\" valign=\"middle\">SPEED SYMBOL<\/th>\n<\/tr>\n<tr>\n<td align=\"left\" valign=\"middle\">3.00-17<\/td>\n<td align=\"left\" valign=\"middle\">1.85<\/td>\n<td align=\"left\" valign=\"middle\">6<\/td>\n<td align=\"left\" valign=\"middle\">50<\/td>\n<td align=\"left\" valign=\"middle\">L<\/td>\n<\/tr>\n<tr>\n<td align=\"left\" valign=\"middle\">3.00-18<\/td>\n<td align=\"left\" valign=\"middle\">1.85<\/td>\n<td align=\"left\" valign=\"middle\">6<\/td>\n<td align=\"left\" valign=\"middle\">52<\/td>\n<td align=\"left\" valign=\"middle\">P<\/td>\n<\/tr>\n<\/tbody>\n<\/table>\n","protected":false},"excerpt":{"rendered":"<p class=\"prd-tt-txt\"><span dir=\"auto\">CARACTER\u00cdSTICAS E BENEF\u00cdCIOS<\/span><\/p>\n<ul class=\"nuestra-dist-list-item\">\n<li><span dir=\"auto\">Desempenho ultra elevado<\/span><\/li>\n<li><span dir=\"auto\">Baixo ru\u00eddo<\/span><\/li>\n<li><span dir=\"auto\">Melhor efici\u00eancia de combust\u00edvel e maior quilometragem<\/span><\/li>\n<li><span dir=\"auto\">Melhor resposta ao guid\u00e3o<\/span><\/li>\n<li><span dir=\"auto\">Alta estabilidade direcional<\/span><\/li>\n<li><span dir=\"auto\">Condu\u00e7\u00e3o confort\u00e1vel e suave<\/span><\/li>\n<li><span dir=\"auto\">Maior resist\u00eancia ao rolamento<\/span><\/li>\n<li><span dir=\"auto\">Pegada otimizada para uma viagem ultra silenciosa<\/span><\/li>\n<li><span dir=\"auto\">Desgaste reduzido<\/span><\/li>\n<li><span dir=\"auto\">Alta durabilidade, longa vida \u00fatil<\/span><\/li>\n<li><span dir=\"auto\">Excelente ader\u00eancia<\/span><\/li>\n<\/ul>\n","protected":false},"featured_media":2683,"comment_status":"closed","ping_status":"closed","template":"","meta":[],"product_brand":[],"product_cat":[53,54],"product_tag":[],"class_list":{"0":"post-2416","1":"product","2":"type-product","3":"status-publish","4":"has-post-thumbnail","6":"product_cat-pneus-e-camaras","7":"product_cat-rua","9":"first","10":"instock","11":"shipping-taxable","12":"product-type-simple"},"_links":{"self":[{"href":"https:\/\/elprapremium.com\/br\/wp-json\/wp\/v2\/product\/2416","targetHints":{"allow":["GET"]}}],"collection":[{"href":"https:\/\/elprapremium.com\/br\/wp-json\/wp\/v2\/product"}],"about":[{"href":"https:\/\/elprapremium.com\/br\/wp-json\/wp\/v2\/types\/product"}],"replies":[{"embeddable":true,"href":"https:\/\/elprapremium.com\/br\/wp-json\/wp\/v2\/comments?post=2416"}],"wp:featuredmedia":[{"embeddable":true,"href":"https:\/\/elprapremium.com\/br\/wp-json\/wp\/v2\/media\/2683"}],"wp:attachment":[{"href":"https:\/\/elprapremium.com\/br\/wp-json\/wp\/v2\/media?parent=2416"}],"wp:term":[{"taxonomy":"product_brand","embeddable":true,"href":"https:\/\/elprapremium.com\/br\/wp-json\/wp\/v2\/product_brand?post=2416"},{"taxonomy":"product_cat","embeddable":true,"href":"https:\/\/elprapremium.com\/br\/wp-json\/wp\/v2\/product_cat?post=2416"},{"taxonomy":"product_tag","embeddable":true,"href":"https:\/\/elprapremium.com\/br\/wp-json\/wp\/v2\/product_tag?post=2416"}],"curies":[{"name":"wp","href":"https:\/\/api.w.org\/{rel}","templated":true}]}}