{"id":2351,"date":"2025-11-02T07:40:24","date_gmt":"2025-11-02T07:40:24","guid":{"rendered":"https:\/\/elprapremium.creativebuffs.com\/?post_type=product&#038;p=2351"},"modified":"2025-12-12T07:50:11","modified_gmt":"2025-12-12T07:50:11","slug":"ey-061-street","status":"publish","type":"product","link":"https:\/\/elprapremium.com\/br\/product\/pneus-e-camaras\/rua\/ey-061-street\/","title":{"rendered":"EY-061-Street"},"content":{"rendered":"","protected":false},"excerpt":{"rendered":"<ul class=\"nuestra-dist-list-item\">\n<li>Ultra alta performance<\/li>\n<li>Design de banda de rodagem em formato V<\/li>\n<li>Performance avan\u00e7ada de ader\u00eancia<\/li>\n<li>Grande efici\u00eancia de combust\u00edvel<\/li>\n<li>Alta quilometragem<\/li>\n<li>Condu\u00e7\u00e3o confort\u00e1vel<\/li>\n<li>Padr\u00e3o de banda de rodagem para todas as esta\u00e7\u00f5es<\/li>\n<li>Design central da banda de rodagem<\/li>\n<li>Estabilidade de condu\u00e7\u00e3o em alta velocidade<\/li>\n<li>Reduz as emiss\u00f5es de CO\u2082<\/li>\n<li>Resist\u00eancia ao rolamento aprimorada<\/li>\n<li>Reduz a resist\u00eancia ao rolamento<\/li>\n<li>Pega otimizada para uma viagem ultra silenciosa<\/li>\n<li>Grandes sulcos circunferenciais ajudam a evacuar a \u00e1gua durante mau tempo<\/li>\n<li>Altamente dur\u00e1vel e de longa vida \u00fatil<\/li>\n<li>Excelente ader\u00eancia<\/li>\n<\/ul>\n","protected":false},"featured_media":2352,"comment_status":"closed","ping_status":"closed","template":"","meta":[],"product_brand":[],"product_cat":[53,54],"product_tag":[],"class_list":{"0":"post-2351","1":"product","2":"type-product","3":"status-publish","4":"has-post-thumbnail","6":"product_cat-pneus-e-camaras","7":"product_cat-rua","9":"first","10":"instock","11":"shipping-taxable","12":"product-type-simple"},"_links":{"self":[{"href":"https:\/\/elprapremium.com\/br\/wp-json\/wp\/v2\/product\/2351","targetHints":{"allow":["GET"]}}],"collection":[{"href":"https:\/\/elprapremium.com\/br\/wp-json\/wp\/v2\/product"}],"about":[{"href":"https:\/\/elprapremium.com\/br\/wp-json\/wp\/v2\/types\/product"}],"replies":[{"embeddable":true,"href":"https:\/\/elprapremium.com\/br\/wp-json\/wp\/v2\/comments?post=2351"}],"wp:featuredmedia":[{"embeddable":true,"href":"https:\/\/elprapremium.com\/br\/wp-json\/wp\/v2\/media\/2352"}],"wp:attachment":[{"href":"https:\/\/elprapremium.com\/br\/wp-json\/wp\/v2\/media?parent=2351"}],"wp:term":[{"taxonomy":"product_brand","embeddable":true,"href":"https:\/\/elprapremium.com\/br\/wp-json\/wp\/v2\/product_brand?post=2351"},{"taxonomy":"product_cat","embeddable":true,"href":"https:\/\/elprapremium.com\/br\/wp-json\/wp\/v2\/product_cat?post=2351"},{"taxonomy":"product_tag","embeddable":true,"href":"https:\/\/elprapremium.com\/br\/wp-json\/wp\/v2\/product_tag?post=2351"}],"curies":[{"name":"wp","href":"https:\/\/api.w.org\/{rel}","templated":true}]}}