{"id":2307,"date":"2025-11-01T14:59:08","date_gmt":"2025-11-01T14:59:08","guid":{"rendered":"https:\/\/elprapremium.creativebuffs.com\/?post_type=product&#038;p=2307"},"modified":"2025-12-09T07:55:48","modified_gmt":"2025-12-09T07:55:48","slug":"ey-2304-scooter","status":"publish","type":"product","link":"https:\/\/elprapremium.com\/br\/product\/pneus-e-camaras\/mobilete\/ey-2304-scooter\/","title":{"rendered":"EY-2304-Scooter"},"content":{"rendered":"","protected":false},"excerpt":{"rendered":"<p class=\"prd-tt-txt\"><span dir=\"auto\">CARACTER\u00cdSTICAS &#038; BENEF\u00cdCIOS<\/span><\/p>\n<ul class=\"nuestra-dist-list-item\">\n<li><span dir=\"auto\">Desempenho ultra alto<\/span><\/li>\n<li><span dir=\"auto\">Desenho de banda em formato V<\/span><\/li>\n<li><span dir=\"auto\">Opera\u00e7\u00e3o com ader\u00eancia avan\u00e7ada<\/span><\/li>\n<li><span dir=\"auto\">Alta efici\u00eancia de combust\u00edvel<\/span><\/li>\n<li><span dir=\"auto\">Alta quilometragem<\/span><\/li>\n<li><span dir=\"auto\">Condu\u00e7\u00e3o confort\u00e1vel<\/span><\/li>\n<li><span dir=\"auto\">Padr\u00e3o de banda para todas as esta\u00e7\u00f5es<\/span><\/li>\n<li><span dir=\"auto\">Design central da banda de rodagem<\/span><\/li>\n<li><span dir=\"auto\">Estabilidade em alta velocidade<\/span><\/li>\n<li><span dir=\"auto\">Redu\u00e7\u00e3o de emiss\u00f5es de CO2<\/span><\/li>\n<li><span dir=\"auto\">Resist\u00eancia ao rolamento aprimorada<\/span><\/li>\n<li><span dir=\"auto\">Reduz a resist\u00eancia ao rolamento<\/span><\/li>\n<li><span dir=\"auto\">Pegada otimizada para rodagem super silenciosa<\/span><\/li>\n<li><span dir=\"auto\">Amplas ranhuras circunferenciais ajudam na drenagem de \u00e1gua em clima chuvoso<\/span><\/li>\n<li><span dir=\"auto\">Altamente dur\u00e1vel e de longa dura\u00e7\u00e3o<\/span><\/li>\n<li><span dir=\"auto\">Excelente ader\u00eancia<\/span><\/li>\n<\/ul>\n","protected":false},"featured_media":2309,"comment_status":"closed","ping_status":"closed","template":"","meta":[],"product_brand":[],"product_cat":[56,53],"product_tag":[],"class_list":{"0":"post-2307","1":"product","2":"type-product","3":"status-publish","4":"has-post-thumbnail","6":"product_cat-mobilete","7":"product_cat-pneus-e-camaras","9":"first","10":"instock","11":"shipping-taxable","12":"product-type-simple"},"_links":{"self":[{"href":"https:\/\/elprapremium.com\/br\/wp-json\/wp\/v2\/product\/2307","targetHints":{"allow":["GET"]}}],"collection":[{"href":"https:\/\/elprapremium.com\/br\/wp-json\/wp\/v2\/product"}],"about":[{"href":"https:\/\/elprapremium.com\/br\/wp-json\/wp\/v2\/types\/product"}],"replies":[{"embeddable":true,"href":"https:\/\/elprapremium.com\/br\/wp-json\/wp\/v2\/comments?post=2307"}],"wp:featuredmedia":[{"embeddable":true,"href":"https:\/\/elprapremium.com\/br\/wp-json\/wp\/v2\/media\/2309"}],"wp:attachment":[{"href":"https:\/\/elprapremium.com\/br\/wp-json\/wp\/v2\/media?parent=2307"}],"wp:term":[{"taxonomy":"product_brand","embeddable":true,"href":"https:\/\/elprapremium.com\/br\/wp-json\/wp\/v2\/product_brand?post=2307"},{"taxonomy":"product_cat","embeddable":true,"href":"https:\/\/elprapremium.com\/br\/wp-json\/wp\/v2\/product_cat?post=2307"},{"taxonomy":"product_tag","embeddable":true,"href":"https:\/\/elprapremium.com\/br\/wp-json\/wp\/v2\/product_tag?post=2307"}],"curies":[{"name":"wp","href":"https:\/\/api.w.org\/{rel}","templated":true}]}}