{"id":2298,"date":"2025-11-01T14:36:57","date_gmt":"2025-11-01T14:36:57","guid":{"rendered":"https:\/\/elprapremium.creativebuffs.com\/?post_type=product&#038;p=2298"},"modified":"2025-12-09T06:26:21","modified_gmt":"2025-12-09T06:26:21","slug":"ey-663-commercial","status":"publish","type":"product","link":"https:\/\/elprapremium.com\/br\/product\/pneus-e-camaras\/commercial\/ey-663-commercial\/","title":{"rendered":"EY-663-Commercial"},"content":{"rendered":"","protected":false},"excerpt":{"rendered":"<p class=\"prd-tt-txt\"><span dir=\"auto\">CARACTER\u00cdSTICAS &amp; BENEF\u00cdCIOS<\/span><\/p>\n<ul class=\"nuestra-dist-list-item\">\n<li><span dir=\"auto\">Desempenho ultra alto<\/span><\/li>\n<li><span dir=\"auto\">Design unidirecional<\/span><\/li>\n<li><span dir=\"auto\">Maior quilometragem e economia de combust\u00edvel<\/span><\/li>\n<li><span dir=\"auto\">Baixo ru\u00eddo<\/span><\/li>\n<li><span dir=\"auto\">Adequado para todos os climas (seco ou \u00famido)<\/span><\/li>\n<li><span dir=\"auto\">M\u00e1ximo controle em altas velocidades<\/span><\/li>\n<li><span dir=\"auto\">Alta capacidade de carga<\/span><\/li>\n<li><span dir=\"auto\">Maior resist\u00eancia ao rolamento<\/span><\/li>\n<li><span dir=\"auto\">Reduz a resist\u00eancia ao rolamento<\/span><\/li>\n<li><span dir=\"auto\">Pegada otimizada para condu\u00e7\u00e3o ultra silenciosa<\/span><\/li>\n<li><span dir=\"auto\">Dur\u00e1vel e de longa dura\u00e7\u00e3o<\/span><\/li>\n<li><span dir=\"auto\">Excelente ader\u00eancia<\/span><\/li>\n<\/ul>\n","protected":false},"featured_media":2299,"comment_status":"closed","ping_status":"closed","template":"","meta":[],"product_brand":[],"product_cat":[55,53],"product_tag":[],"class_list":{"0":"post-2298","1":"product","2":"type-product","3":"status-publish","4":"has-post-thumbnail","6":"product_cat-commercial","7":"product_cat-pneus-e-camaras","9":"first","10":"instock","11":"shipping-taxable","12":"product-type-simple"},"_links":{"self":[{"href":"https:\/\/elprapremium.com\/br\/wp-json\/wp\/v2\/product\/2298","targetHints":{"allow":["GET"]}}],"collection":[{"href":"https:\/\/elprapremium.com\/br\/wp-json\/wp\/v2\/product"}],"about":[{"href":"https:\/\/elprapremium.com\/br\/wp-json\/wp\/v2\/types\/product"}],"replies":[{"embeddable":true,"href":"https:\/\/elprapremium.com\/br\/wp-json\/wp\/v2\/comments?post=2298"}],"wp:featuredmedia":[{"embeddable":true,"href":"https:\/\/elprapremium.com\/br\/wp-json\/wp\/v2\/media\/2299"}],"wp:attachment":[{"href":"https:\/\/elprapremium.com\/br\/wp-json\/wp\/v2\/media?parent=2298"}],"wp:term":[{"taxonomy":"product_brand","embeddable":true,"href":"https:\/\/elprapremium.com\/br\/wp-json\/wp\/v2\/product_brand?post=2298"},{"taxonomy":"product_cat","embeddable":true,"href":"https:\/\/elprapremium.com\/br\/wp-json\/wp\/v2\/product_cat?post=2298"},{"taxonomy":"product_tag","embeddable":true,"href":"https:\/\/elprapremium.com\/br\/wp-json\/wp\/v2\/product_tag?post=2298"}],"curies":[{"name":"wp","href":"https:\/\/api.w.org\/{rel}","templated":true}]}}