{"id":2289,"date":"2025-11-01T14:14:30","date_gmt":"2025-11-01T14:14:30","guid":{"rendered":"https:\/\/elprapremium.creativebuffs.com\/?post_type=product&#038;p=2289"},"modified":"2025-12-17T07:02:57","modified_gmt":"2025-12-17T07:02:57","slug":"bateria-selada-livre-de-manutencao","status":"publish","type":"product","link":"https:\/\/elprapremium.com\/br\/product\/baterias-smf-e-dc\/bateria-selada-livre-de-manutencao\/","title":{"rendered":"Bateria Selada Livre de Manuten\u00e7\u00e3o"},"content":{"rendered":"","protected":false},"excerpt":{"rendered":"<p><span dir=\"auto\">Oferecemos uma ampla gama de baterias seladas e isentas de manuten\u00e7\u00e3o (SMF) que n\u00e3o necessitam de \u00e1gua. As baterias SMF t\u00eam um aspeto diferente dos outros tipos de baterias. S\u00e3o mais compactas porque n\u00e3o possuem eletr\u00f3lito livre (o eletr\u00f3lito \u00e9 utilizado em forma de gel, preenchendo as cavidades das placas), o que as torna mais eficientes em termos de volume e ocupam menos espa\u00e7o para a sua capacidade de armazenamento de energia. Como s\u00e3o preenchidas com eletr\u00f3lito apenas uma vez, durante a ativa\u00e7\u00e3o, n\u00e3o possuem tampas de enchimento. Em vez disso, um tamp\u00e3o de veda\u00e7\u00e3o cobre permanentemente as portas de enchimento. Al\u00e9m disso, este tipo de bateria n\u00e3o possui tubo de ventila\u00e7\u00e3o. O design desta bateria permite que qualquer g\u00e1s interno libertado se recombine dentro da bateria, eliminando a necessidade de um tubo de ventila\u00e7\u00e3o. A bateria SMF pode ser selada porque as placas negativas no seu interior nunca carregam completamente e, portanto, n\u00e3o produzem g\u00e1s hidrog\u00e9nio. As placas positivas criam oxig\u00e9nio durante o processo de descarga, mas em vez de expelir o oxig\u00e9nio atrav\u00e9s de um tubo de ventila\u00e7\u00e3o, este reage com o material ativo carregado nas placas para formar \u00e1gua. Este processo continua at\u00e9 a bateria estar totalmente carregada, altura em que a \u00e1gua se transforma em \u00e1cido. Esse processo \u00e9 chamado de tecnologia recombinante, e esse design \u00e9 o que torna nossas baterias \u00fanicas. Uma bateria &#8220;ativada de f\u00e1brica&#8221; \u200b\u200bn\u00e3o precisa ser abastecida antes da instala\u00e7\u00e3o. Um extenso processo de ativa\u00e7\u00e3o garante a completa absor\u00e7\u00e3o do eletr\u00f3lito, de modo que n\u00e3o haja \u00e1cido l\u00edquido dentro da bateria. Esse processo permite que essas baterias sejam enviadas da f\u00e1brica prontas para instala\u00e7\u00e3o.<\/span><\/p>\n","protected":false},"featured_media":2288,"comment_status":"closed","ping_status":"closed","template":"","meta":[],"product_brand":[],"product_cat":[52],"product_tag":[],"class_list":{"0":"post-2289","1":"product","2":"type-product","3":"status-publish","4":"has-post-thumbnail","6":"product_cat-baterias-smf-e-dc","8":"first","9":"instock","10":"shipping-taxable","11":"product-type-simple"},"_links":{"self":[{"href":"https:\/\/elprapremium.com\/br\/wp-json\/wp\/v2\/product\/2289","targetHints":{"allow":["GET"]}}],"collection":[{"href":"https:\/\/elprapremium.com\/br\/wp-json\/wp\/v2\/product"}],"about":[{"href":"https:\/\/elprapremium.com\/br\/wp-json\/wp\/v2\/types\/product"}],"replies":[{"embeddable":true,"href":"https:\/\/elprapremium.com\/br\/wp-json\/wp\/v2\/comments?post=2289"}],"wp:featuredmedia":[{"embeddable":true,"href":"https:\/\/elprapremium.com\/br\/wp-json\/wp\/v2\/media\/2288"}],"wp:attachment":[{"href":"https:\/\/elprapremium.com\/br\/wp-json\/wp\/v2\/media?parent=2289"}],"wp:term":[{"taxonomy":"product_brand","embeddable":true,"href":"https:\/\/elprapremium.com\/br\/wp-json\/wp\/v2\/product_brand?post=2289"},{"taxonomy":"product_cat","embeddable":true,"href":"https:\/\/elprapremium.com\/br\/wp-json\/wp\/v2\/product_cat?post=2289"},{"taxonomy":"product_tag","embeddable":true,"href":"https:\/\/elprapremium.com\/br\/wp-json\/wp\/v2\/product_tag?post=2289"}],"curies":[{"name":"wp","href":"https:\/\/api.w.org\/{rel}","templated":true}]}}