{"id":2287,"date":"2025-11-01T14:09:14","date_gmt":"2025-11-01T14:09:14","guid":{"rendered":"https:\/\/elprapremium.creativebuffs.com\/?post_type=product&#038;p=2287"},"modified":"2025-12-09T06:32:50","modified_gmt":"2025-12-09T06:32:50","slug":"ey-869a-commercial","status":"publish","type":"product","link":"https:\/\/elprapremium.com\/br\/product\/pneus-e-camaras\/commercial\/ey-869a-commercial\/","title":{"rendered":"EY-869A-Commercial"},"content":{"rendered":"<table id=\"specification_table\" class=\"pro-specification pro-specification-notbattery\" border=\"0\" width=\"100%\" cellspacing=\"0\" cellpadding=\"0\">\n<tbody>\n<tr>\n<th align=\"left\" valign=\"middle\">SIZE<\/th>\n<th align=\"left\" valign=\"middle\">RIM<\/th>\n<th align=\"left\" valign=\"middle\">PR<\/th>\n<th align=\"left\" valign=\"middle\">LOAD INDEX<\/th>\n<th align=\"left\" valign=\"middle\">SPEED SYMBOL<\/th>\n<\/tr>\n<tr>\n<td align=\"left\" valign=\"middle\">5.00-12<\/td>\n<td align=\"left\" valign=\"middle\">3.50B<\/td>\n<td align=\"left\" valign=\"middle\">8<\/td>\n<td align=\"left\" valign=\"middle\">83<\/td>\n<td align=\"left\" valign=\"middle\">K<\/td>\n<\/tr>\n<\/tbody>\n<\/table>\n","protected":false},"excerpt":{"rendered":"<p class=\"prd-tt-txt\"><span dir=\"auto\">CARACTER\u00cdSTICAS &amp; BENEF\u00cdCIOS<\/span><\/p>\n<ul class=\"nuestra-dist-list-item\">\n<li><span dir=\"auto\">Alto desempenho ultra<\/span><\/li>\n<li><span dir=\"auto\">Design unidirecional<\/span><\/li>\n<li><span dir=\"auto\">Maior quilometragem e economia de combust\u00edvel<\/span><\/li>\n<li><span dir=\"auto\">Baixo n\u00edvel de ru\u00eddo<\/span><\/li>\n<li><span dir=\"auto\">Adequado para todos os climas (seco ou \u00famido)<\/span><\/li>\n<li><span dir=\"auto\">M\u00e1ximo controle em altas velocidades<\/span><\/li>\n<li><span dir=\"auto\">Alta capacidade de carga<\/span><\/li>\n<li><span dir=\"auto\">Maior resist\u00eancia ao rolamento<\/span><\/li>\n<li><span dir=\"auto\">Reduz a resist\u00eancia ao rolamento<\/span><\/li>\n<li><span dir=\"auto\">Pegada otimizada para condu\u00e7\u00e3o ultrassilenciosa<\/span><\/li>\n<li><span dir=\"auto\">Dur\u00e1vel e de longa dura\u00e7\u00e3o<\/span><\/li>\n<li><span dir=\"auto\">Excelente ader\u00eancia<\/span><\/li>\n<\/ul>\n","protected":false},"featured_media":2290,"comment_status":"closed","ping_status":"closed","template":"","meta":[],"product_brand":[],"product_cat":[55,53],"product_tag":[],"class_list":{"0":"post-2287","1":"product","2":"type-product","3":"status-publish","4":"has-post-thumbnail","6":"product_cat-commercial","7":"product_cat-pneus-e-camaras","9":"first","10":"instock","11":"shipping-taxable","12":"product-type-simple"},"_links":{"self":[{"href":"https:\/\/elprapremium.com\/br\/wp-json\/wp\/v2\/product\/2287","targetHints":{"allow":["GET"]}}],"collection":[{"href":"https:\/\/elprapremium.com\/br\/wp-json\/wp\/v2\/product"}],"about":[{"href":"https:\/\/elprapremium.com\/br\/wp-json\/wp\/v2\/types\/product"}],"replies":[{"embeddable":true,"href":"https:\/\/elprapremium.com\/br\/wp-json\/wp\/v2\/comments?post=2287"}],"wp:featuredmedia":[{"embeddable":true,"href":"https:\/\/elprapremium.com\/br\/wp-json\/wp\/v2\/media\/2290"}],"wp:attachment":[{"href":"https:\/\/elprapremium.com\/br\/wp-json\/wp\/v2\/media?parent=2287"}],"wp:term":[{"taxonomy":"product_brand","embeddable":true,"href":"https:\/\/elprapremium.com\/br\/wp-json\/wp\/v2\/product_brand?post=2287"},{"taxonomy":"product_cat","embeddable":true,"href":"https:\/\/elprapremium.com\/br\/wp-json\/wp\/v2\/product_cat?post=2287"},{"taxonomy":"product_tag","embeddable":true,"href":"https:\/\/elprapremium.com\/br\/wp-json\/wp\/v2\/product_tag?post=2287"}],"curies":[{"name":"wp","href":"https:\/\/api.w.org\/{rel}","templated":true}]}}