{"id":2279,"date":"2025-11-01T10:43:54","date_gmt":"2025-11-01T10:43:54","guid":{"rendered":"https:\/\/elprapremium.creativebuffs.com\/?post_type=product&#038;p=2279"},"modified":"2025-12-16T19:23:02","modified_gmt":"2025-12-16T19:23:02","slug":"estator","status":"publish","type":"product","link":"https:\/\/elprapremium.com\/br\/product\/eletricas-partes\/estator\/","title":{"rendered":"Estator"},"content":{"rendered":"","protected":false},"excerpt":{"rendered":"<p>N\u00f3s produzimos estatores de motocicleta de alto desempenho que oferecem qualidade superior e s\u00e3o ideais para atender \u00e0s necessidades espec\u00edficas dos nossos clientes.<\/p>\n<p><strong>Caracter\u00edsticas:<\/strong><\/p>\n<ul>\n<li>O corpo \u00e9 feito de a\u00e7o sil\u00edcio para alta gera\u00e7\u00e3o de fluxo magn\u00e9tico.<\/li>\n<li>Enrolamento de fio de cobre conforme o padr\u00e3o OEM para alta gera\u00e7\u00e3o de corrente.<\/li>\n<li>Laminado de nylon PA66 para maior seguran\u00e7a em alta rota\u00e7\u00e3o.<\/li>\n<li>Novos cabos PVC de 0,75 mm para opera\u00e7\u00e3o \u00e0 prova de fogo e \u00e0 prova de curto-circuito.<\/li>\n<\/ul>\n<p>&nbsp;<\/p>\n","protected":false},"featured_media":2280,"comment_status":"closed","ping_status":"closed","template":"","meta":[],"product_brand":[],"product_cat":[50],"product_tag":[],"class_list":{"0":"post-2279","1":"product","2":"type-product","3":"status-publish","4":"has-post-thumbnail","6":"product_cat-eletricas-partes","8":"first","9":"instock","10":"shipping-taxable","11":"product-type-simple"},"_links":{"self":[{"href":"https:\/\/elprapremium.com\/br\/wp-json\/wp\/v2\/product\/2279","targetHints":{"allow":["GET"]}}],"collection":[{"href":"https:\/\/elprapremium.com\/br\/wp-json\/wp\/v2\/product"}],"about":[{"href":"https:\/\/elprapremium.com\/br\/wp-json\/wp\/v2\/types\/product"}],"replies":[{"embeddable":true,"href":"https:\/\/elprapremium.com\/br\/wp-json\/wp\/v2\/comments?post=2279"}],"wp:featuredmedia":[{"embeddable":true,"href":"https:\/\/elprapremium.com\/br\/wp-json\/wp\/v2\/media\/2280"}],"wp:attachment":[{"href":"https:\/\/elprapremium.com\/br\/wp-json\/wp\/v2\/media?parent=2279"}],"wp:term":[{"taxonomy":"product_brand","embeddable":true,"href":"https:\/\/elprapremium.com\/br\/wp-json\/wp\/v2\/product_brand?post=2279"},{"taxonomy":"product_cat","embeddable":true,"href":"https:\/\/elprapremium.com\/br\/wp-json\/wp\/v2\/product_cat?post=2279"},{"taxonomy":"product_tag","embeddable":true,"href":"https:\/\/elprapremium.com\/br\/wp-json\/wp\/v2\/product_tag?post=2279"}],"curies":[{"name":"wp","href":"https:\/\/api.w.org\/{rel}","templated":true}]}}