{"id":2275,"date":"2025-11-01T10:37:01","date_gmt":"2025-11-01T10:37:01","guid":{"rendered":"https:\/\/elprapremium.creativebuffs.com\/?post_type=product&#038;p=2275"},"modified":"2025-12-16T19:40:23","modified_gmt":"2025-12-16T19:40:23","slug":"regulador-de-tensao","status":"publish","type":"product","link":"https:\/\/elprapremium.com\/br\/product\/eletricas-partes\/regulador-de-tensao\/","title":{"rendered":"Regulador de tens\u00e3o"},"content":{"rendered":"<p><span dir=\"auto\">N\u00f3s produzimos os melhores reguladores de tens\u00e3o.<\/span><\/p>\n<p><span dir=\"auto\">Caracter\u00edsticas:<\/span><\/p>\n<ul>\n<li><span dir=\"auto\">Transistores substitu\u00eddos por MOSFETs para aumentar os n\u00edveis de efici\u00eancia<\/span><\/li>\n<li><span dir=\"auto\">Circuito de precis\u00e3o para opera\u00e7\u00e3o sem erros<\/span><\/li>\n<li><span dir=\"auto\">CI Philips para a melhor durabilidade de programa\u00e7\u00e3o<\/span><\/li>\n<li><span dir=\"auto\">Capacitor de alta capacidade para uso em baixas rota\u00e7\u00f5es (RPM)<\/span><\/li>\n<li><span dir=\"auto\">Conector de nylon PA66 resistente a altas temperaturas e \u00e0 prova de fogo<\/span><\/li>\n<li><span dir=\"auto\">Placa de circuito com dissipador de calor<\/span><\/li>\n<li><span dir=\"auto\">Aletas de alum\u00ednio espessas para melhor resfriamento<\/span><\/li>\n<\/ul>\n","protected":false},"excerpt":{"rendered":"<p><span dir=\"auto\">N\u00f3s produzimos os melhores reguladores de tens\u00e3o.<\/span><\/p>\n<p><span dir=\"auto\">Caracter\u00edsticas:<\/span><\/p>\n<ul>\n<li><span dir=\"auto\">Transistores substitu\u00eddos por MOSFETs para aumentar os n\u00edveis de efici\u00eancia<\/span><\/li>\n<li><span dir=\"auto\">Circuito de precis\u00e3o para opera\u00e7\u00e3o sem erros<\/span><\/li>\n<li><span dir=\"auto\">CI Philips para a melhor durabilidade de programa\u00e7\u00e3o<\/span><\/li>\n<li><span dir=\"auto\">Capacitor de alta capacidade para uso em baixas rota\u00e7\u00f5es (RPM)<\/span><\/li>\n<li><span dir=\"auto\">Conector de nylon PA66 resistente a altas temperaturas e \u00e0 prova de fogo<\/span><\/li>\n<li><span dir=\"auto\">Placa de circuito com dissipador de calor<\/span><\/li>\n<li><span dir=\"auto\">Aletas de alum\u00ednio espessas para melhor resfriamento<\/span><\/li>\n<\/ul>\n","protected":false},"featured_media":2276,"comment_status":"closed","ping_status":"closed","template":"","meta":[],"product_brand":[],"product_cat":[50],"product_tag":[],"class_list":{"0":"post-2275","1":"product","2":"type-product","3":"status-publish","4":"has-post-thumbnail","6":"product_cat-eletricas-partes","8":"first","9":"instock","10":"shipping-taxable","11":"product-type-simple"},"_links":{"self":[{"href":"https:\/\/elprapremium.com\/br\/wp-json\/wp\/v2\/product\/2275","targetHints":{"allow":["GET"]}}],"collection":[{"href":"https:\/\/elprapremium.com\/br\/wp-json\/wp\/v2\/product"}],"about":[{"href":"https:\/\/elprapremium.com\/br\/wp-json\/wp\/v2\/types\/product"}],"replies":[{"embeddable":true,"href":"https:\/\/elprapremium.com\/br\/wp-json\/wp\/v2\/comments?post=2275"}],"wp:featuredmedia":[{"embeddable":true,"href":"https:\/\/elprapremium.com\/br\/wp-json\/wp\/v2\/media\/2276"}],"wp:attachment":[{"href":"https:\/\/elprapremium.com\/br\/wp-json\/wp\/v2\/media?parent=2275"}],"wp:term":[{"taxonomy":"product_brand","embeddable":true,"href":"https:\/\/elprapremium.com\/br\/wp-json\/wp\/v2\/product_brand?post=2275"},{"taxonomy":"product_cat","embeddable":true,"href":"https:\/\/elprapremium.com\/br\/wp-json\/wp\/v2\/product_cat?post=2275"},{"taxonomy":"product_tag","embeddable":true,"href":"https:\/\/elprapremium.com\/br\/wp-json\/wp\/v2\/product_tag?post=2275"}],"curies":[{"name":"wp","href":"https:\/\/api.w.org\/{rel}","templated":true}]}}