{"id":2271,"date":"2025-11-01T10:32:43","date_gmt":"2025-11-01T10:32:43","guid":{"rendered":"https:\/\/elprapremium.creativebuffs.com\/?post_type=product&#038;p=2271"},"modified":"2025-12-16T19:45:07","modified_gmt":"2025-12-16T19:45:07","slug":"coroa-e-pinhao","status":"publish","type":"product","link":"https:\/\/elprapremium.com\/br\/product\/transmissao-partes\/coroa-e-pinhao\/","title":{"rendered":"Coroa e Pinh\u00e3o"},"content":{"rendered":"<p><span dir=\"auto\">Fabricamos coroas e pinh\u00f5es de qualidade superior gra\u00e7as \u00e0s excelentes mat\u00e9rias-primas que utilizamos e \u00e0 nossa rigorosa ades\u00e3o ao controle de qualidade. Empregamos o melhor a\u00e7o carbono para as coroas e a\u00e7o liga para os pinh\u00f5es. Nossas instala\u00e7\u00f5es de produ\u00e7\u00e3o s\u00e3o totalmente equipadas com maquin\u00e1rio de \u00faltima gera\u00e7\u00e3o, al\u00e9m dos melhores equipamentos de projeto e corte de metal controlados por computador (CNC), o que nos permite produzir as coroas e pinh\u00f5es mais precisos para sua motocicleta.<\/span><\/p>\n<p><span dir=\"auto\">Analisando a anatomia b\u00e1sica das rodas dentadas, estas s\u00e3o pe\u00e7as rotativas com dentes que s\u00e3o usadas em conjunto com uma corrente e, quase sempre, com pelo menos outra roda dentada para transmitir torque. Essas rodas dentadas e a corrente podem ser usadas para alterar a velocidade, o torque ou a dire\u00e7\u00e3o original de um motor. Para que as rodas dentadas e a corrente sejam compat\u00edveis, ambas devem ter a mesma espessura e passo. Para que funcionem eficazmente, devem estar em eixos paralelos com seus dentes correspondentes no mesmo plano.<\/span><\/p>\n","protected":false},"excerpt":{"rendered":"<p><span dir=\"auto\">Fabricamos coroas e pinh\u00f5es de qualidade superior gra\u00e7as \u00e0s excelentes mat\u00e9rias-primas que utilizamos e \u00e0 nossa rigorosa ades\u00e3o ao controle de qualidade. Empregamos o melhor a\u00e7o carbono para as coroas e a\u00e7o liga para os pinh\u00f5es. Nossas instala\u00e7\u00f5es de produ\u00e7\u00e3o s\u00e3o totalmente equipadas com maquin\u00e1rio de \u00faltima gera\u00e7\u00e3o, al\u00e9m dos melhores equipamentos de projeto e corte de metal controlados por computador (CNC), o que nos permite produzir as coroas e pinh\u00f5es mais precisos para sua motocicleta.<\/span><\/p>\n<p><span dir=\"auto\">Analisando a anatomia b\u00e1sica das rodas dentadas, estas s\u00e3o pe\u00e7as rotativas com dentes que s\u00e3o usadas em conjunto com uma corrente e, quase sempre, com pelo menos outra roda dentada para transmitir torque. Essas rodas dentadas e a corrente podem ser usadas para alterar a velocidade, o torque ou a dire\u00e7\u00e3o original de um motor. Para que as rodas dentadas e a corrente sejam compat\u00edveis, ambas devem ter a mesma espessura e passo. Para que funcionem eficazmente, devem estar em eixos paralelos com seus dentes correspondentes no mesmo plano.<\/span><\/p>\n","protected":false},"featured_media":2274,"comment_status":"closed","ping_status":"closed","template":"","meta":[],"product_brand":[],"product_cat":[51],"product_tag":[],"class_list":{"0":"post-2271","1":"product","2":"type-product","3":"status-publish","4":"has-post-thumbnail","6":"product_cat-transmissao-partes","8":"first","9":"instock","10":"shipping-taxable","11":"product-type-simple"},"_links":{"self":[{"href":"https:\/\/elprapremium.com\/br\/wp-json\/wp\/v2\/product\/2271","targetHints":{"allow":["GET"]}}],"collection":[{"href":"https:\/\/elprapremium.com\/br\/wp-json\/wp\/v2\/product"}],"about":[{"href":"https:\/\/elprapremium.com\/br\/wp-json\/wp\/v2\/types\/product"}],"replies":[{"embeddable":true,"href":"https:\/\/elprapremium.com\/br\/wp-json\/wp\/v2\/comments?post=2271"}],"wp:featuredmedia":[{"embeddable":true,"href":"https:\/\/elprapremium.com\/br\/wp-json\/wp\/v2\/media\/2274"}],"wp:attachment":[{"href":"https:\/\/elprapremium.com\/br\/wp-json\/wp\/v2\/media?parent=2271"}],"wp:term":[{"taxonomy":"product_brand","embeddable":true,"href":"https:\/\/elprapremium.com\/br\/wp-json\/wp\/v2\/product_brand?post=2271"},{"taxonomy":"product_cat","embeddable":true,"href":"https:\/\/elprapremium.com\/br\/wp-json\/wp\/v2\/product_cat?post=2271"},{"taxonomy":"product_tag","embeddable":true,"href":"https:\/\/elprapremium.com\/br\/wp-json\/wp\/v2\/product_tag?post=2271"}],"curies":[{"name":"wp","href":"https:\/\/api.w.org\/{rel}","templated":true}]}}