{"id":2268,"date":"2025-11-01T10:26:38","date_gmt":"2025-11-01T10:26:38","guid":{"rendered":"https:\/\/elprapremium.creativebuffs.com\/?post_type=product&#038;p=2268"},"modified":"2025-12-16T19:30:42","modified_gmt":"2025-12-16T19:30:42","slug":"paineis-de-instrumentos","status":"publish","type":"product","link":"https:\/\/elprapremium.com\/br\/product\/eletricas-partes\/paineis-de-instrumentos\/","title":{"rendered":"Pain\u00e9is de instrumentos"},"content":{"rendered":"","protected":false},"excerpt":{"rendered":"<p>Fabricamos uma ampla gama de veloc\u00edmetros e pain\u00e9is de instrumentos, acreditando na fabrica\u00e7\u00e3o interna de pe\u00e7as cr\u00edticas.<\/p>\n<p><strong>Pontos fortes:<\/strong><\/p>\n<ul>\n<li style=\"list-style-type: none;\">\n<ul>\n<li>Ponteiros e mostradores f\u00e1ceis de ler<\/li>\n<li>Tecnologia de display digital<\/li>\n<li>Design elegante<\/li>\n<li>Tela anti-reflexo<\/li>\n<li>Longa vida \u00fatil<\/li>\n<li>Resistente \u00e0 chuva<\/li>\n<li>\u00c0 prova de poeira<\/li>\n<\/ul>\n<\/li>\n<\/ul>\n","protected":false},"featured_media":2270,"comment_status":"closed","ping_status":"closed","template":"","meta":[],"product_brand":[],"product_cat":[50],"product_tag":[],"class_list":{"0":"post-2268","1":"product","2":"type-product","3":"status-publish","4":"has-post-thumbnail","6":"product_cat-eletricas-partes","8":"first","9":"instock","10":"shipping-taxable","11":"product-type-simple"},"_links":{"self":[{"href":"https:\/\/elprapremium.com\/br\/wp-json\/wp\/v2\/product\/2268","targetHints":{"allow":["GET"]}}],"collection":[{"href":"https:\/\/elprapremium.com\/br\/wp-json\/wp\/v2\/product"}],"about":[{"href":"https:\/\/elprapremium.com\/br\/wp-json\/wp\/v2\/types\/product"}],"replies":[{"embeddable":true,"href":"https:\/\/elprapremium.com\/br\/wp-json\/wp\/v2\/comments?post=2268"}],"wp:featuredmedia":[{"embeddable":true,"href":"https:\/\/elprapremium.com\/br\/wp-json\/wp\/v2\/media\/2270"}],"wp:attachment":[{"href":"https:\/\/elprapremium.com\/br\/wp-json\/wp\/v2\/media?parent=2268"}],"wp:term":[{"taxonomy":"product_brand","embeddable":true,"href":"https:\/\/elprapremium.com\/br\/wp-json\/wp\/v2\/product_brand?post=2268"},{"taxonomy":"product_cat","embeddable":true,"href":"https:\/\/elprapremium.com\/br\/wp-json\/wp\/v2\/product_cat?post=2268"},{"taxonomy":"product_tag","embeddable":true,"href":"https:\/\/elprapremium.com\/br\/wp-json\/wp\/v2\/product_tag?post=2268"}],"curies":[{"name":"wp","href":"https:\/\/api.w.org\/{rel}","templated":true}]}}