{"id":2267,"date":"2025-11-01T10:25:49","date_gmt":"2025-11-01T10:25:49","guid":{"rendered":"https:\/\/elprapremium.creativebuffs.com\/?post_type=product&#038;p=2267"},"modified":"2025-12-16T19:47:26","modified_gmt":"2025-12-16T19:47:26","slug":"correntes","status":"publish","type":"product","link":"https:\/\/elprapremium.com\/br\/product\/transmissao-partes\/correntes\/","title":{"rendered":"Correntes"},"content":{"rendered":"<p><span dir=\"auto\">Nos concentramos nos princ\u00edpios fundamentais da fabrica\u00e7\u00e3o de correntes para criar um produto perfeito. Esses princ\u00edpios ditam que uma corrente de rolos \u00e9 usada para conectar duas rodas dentadas e transferir torque. A corrente de rolos consiste em uma s\u00e9rie de elos internos e externos conectados para formar um conjunto flex\u00edvel. Utilizamos nosso conhecimento e experi\u00eancia para aprimorar ainda mais a precis\u00e3o e a engenharia. Cada componente \u00e9 meticulosamente fabricado para garantir qualidade e durabilidade superiores, desde mat\u00e9rias-primas excepcionais at\u00e9 processos de produ\u00e7\u00e3o avan\u00e7ados.<\/span><br \/>\n<span dir=\"auto\">Os elos externos consistem em duas placas conectadas por dois pinos, que s\u00e3o prensados \u200b\u200bem cada placa. Os pinos do elo externo passam pelo interior dos roletes quando os elos internos e externos s\u00e3o montados. Os pinos podem girar livremente dentro dos roletes. Os elos internos consistem em duas placas conectadas por dois roletes ocos, que s\u00e3o prensados \u200b\u200bem cada placa. Os dentes da roda dentada entram em contato com a superf\u00edcie dos roletes quando a corrente encontra a roda dentada. O passo \u00e9 a dist\u00e2ncia entre os centros de dois pinos adjacentes. Os passos comuns s\u00e3o 0,25&#8243;, conhecido como n\u00ba 25, e 0,375&#8243; (n\u00ba 35). A seguran\u00e7a e o conforto do motorista s\u00e3o nossas principais motiva\u00e7\u00f5es para fabricar o melhor produto. Amostras acabadas de nossas correntes fabricadas passam por testes rigorosos em laborat\u00f3rios de \u00faltima gera\u00e7\u00e3o, de alta velocidade e alta carga, para avaliar seu desempenho e manter os padr\u00f5es internacionais. Todas as correntes s\u00e3o pr\u00e9-lubrificadas com lubrificantes especiais para garantir uma longa vida \u00fatil.<\/span><\/p>\n","protected":false},"excerpt":{"rendered":"<p><span dir=\"auto\">Nos concentramos nos princ\u00edpios fundamentais da fabrica\u00e7\u00e3o de correntes para criar um produto perfeito. Esses princ\u00edpios ditam que uma corrente de rolos \u00e9 usada para conectar duas rodas dentadas e transferir torque. A corrente de rolos consiste em uma s\u00e9rie de elos internos e externos conectados para formar um conjunto flex\u00edvel. Utilizamos nosso conhecimento e experi\u00eancia para aprimorar ainda mais a precis\u00e3o e a engenharia. Cada componente \u00e9 meticulosamente fabricado para garantir qualidade e durabilidade superiores, desde mat\u00e9rias-primas excepcionais at\u00e9 processos de produ\u00e7\u00e3o avan\u00e7ados.<\/span><br \/>\n<span dir=\"auto\">Os elos externos consistem em duas placas conectadas por dois pinos, que s\u00e3o prensados \u200b\u200bem cada placa. Os pinos do elo externo passam pelo interior dos roletes quando os elos internos e externos s\u00e3o montados. Os pinos podem girar livremente dentro dos roletes. Os elos internos consistem em duas placas conectadas por dois roletes ocos, que s\u00e3o prensados \u200b\u200bem cada placa. Os dentes da roda dentada entram em contato com a superf\u00edcie dos roletes quando a corrente encontra a roda dentada. O passo \u00e9 a dist\u00e2ncia entre os centros de dois pinos adjacentes. Os passos comuns s\u00e3o 0,25&#8243;, conhecido como n\u00ba 25, e 0,375&#8243; (n\u00ba 35). A seguran\u00e7a e o conforto do motorista s\u00e3o nossas principais motiva\u00e7\u00f5es para fabricar o melhor produto. Amostras acabadas de nossas correntes fabricadas passam por testes rigorosos em laborat\u00f3rios de \u00faltima gera\u00e7\u00e3o, de alta velocidade e alta carga, para avaliar seu desempenho e manter os padr\u00f5es internacionais. Todas as correntes s\u00e3o pr\u00e9-lubrificadas com lubrificantes especiais para garantir uma longa vida \u00fatil.<\/span><\/p>\n","protected":false},"featured_media":2269,"comment_status":"closed","ping_status":"closed","template":"","meta":[],"product_brand":[],"product_cat":[51],"product_tag":[],"class_list":{"0":"post-2267","1":"product","2":"type-product","3":"status-publish","4":"has-post-thumbnail","6":"product_cat-transmissao-partes","8":"first","9":"instock","10":"shipping-taxable","11":"product-type-simple"},"_links":{"self":[{"href":"https:\/\/elprapremium.com\/br\/wp-json\/wp\/v2\/product\/2267","targetHints":{"allow":["GET"]}}],"collection":[{"href":"https:\/\/elprapremium.com\/br\/wp-json\/wp\/v2\/product"}],"about":[{"href":"https:\/\/elprapremium.com\/br\/wp-json\/wp\/v2\/types\/product"}],"replies":[{"embeddable":true,"href":"https:\/\/elprapremium.com\/br\/wp-json\/wp\/v2\/comments?post=2267"}],"wp:featuredmedia":[{"embeddable":true,"href":"https:\/\/elprapremium.com\/br\/wp-json\/wp\/v2\/media\/2269"}],"wp:attachment":[{"href":"https:\/\/elprapremium.com\/br\/wp-json\/wp\/v2\/media?parent=2267"}],"wp:term":[{"taxonomy":"product_brand","embeddable":true,"href":"https:\/\/elprapremium.com\/br\/wp-json\/wp\/v2\/product_brand?post=2267"},{"taxonomy":"product_cat","embeddable":true,"href":"https:\/\/elprapremium.com\/br\/wp-json\/wp\/v2\/product_cat?post=2267"},{"taxonomy":"product_tag","embeddable":true,"href":"https:\/\/elprapremium.com\/br\/wp-json\/wp\/v2\/product_tag?post=2267"}],"curies":[{"name":"wp","href":"https:\/\/api.w.org\/{rel}","templated":true}]}}