{"id":2265,"date":"2025-11-01T10:22:15","date_gmt":"2025-11-01T10:22:15","guid":{"rendered":"https:\/\/elprapremium.creativebuffs.com\/?post_type=product&#038;p=2265"},"modified":"2025-12-16T19:33:07","modified_gmt":"2025-12-16T19:33:07","slug":"pisca-pisca","status":"publish","type":"product","link":"https:\/\/elprapremium.com\/br\/product\/eletricas-partes\/pisca-pisca\/","title":{"rendered":"Pisca-pisca"},"content":{"rendered":"<p>Fabricamos piscas de motocicleta de alto desempenho que oferecem qualidade superior e s\u00e3o perfeitamente adequados para atender \u00e0s demandas dos clientes. Investimos em equipamentos de \u00faltima gera\u00e7\u00e3o que nos permitem manter controle total sobre os processos de fabrica\u00e7\u00e3o, garantindo um alto n\u00edvel de qualidade.<\/p>\n<p class=\"prd-tt-txt\"><span dir=\"auto\">CARACTER\u00cdSTICAS<\/span><\/p>\n<ul class=\"nuestra-dist-list-item\">\n<li><span dir=\"auto\">Circuito de precis\u00e3o para opera\u00e7\u00e3o sem erros<\/span><\/li>\n<li><span dir=\"auto\">CI Philips para maior vida \u00fatil de programa\u00e7\u00e3o<\/span><\/li>\n<li><span dir=\"auto\">Capacitor de alta capacidade para uso em baixas rota\u00e7\u00f5es (RPM)<\/span><\/li>\n<li><span dir=\"auto\">Conector de nylon PA66 resistente a altas temperaturas e \u00e0 prova de fogo<\/span><\/li>\n<\/ul>\n","protected":false},"excerpt":{"rendered":"<p>Fabricamos piscas de motocicleta de alto desempenho que oferecem qualidade superior e s\u00e3o perfeitamente adequados para atender \u00e0s demandas dos clientes. Investimos em equipamentos de \u00faltima gera\u00e7\u00e3o que nos permitem manter controle total sobre os processos de fabrica\u00e7\u00e3o, garantindo um alto n\u00edvel de qualidade.<\/p>\n<p class=\"prd-tt-txt\"><span dir=\"auto\">CARACTER\u00cdSTICAS<\/span><\/p>\n<ul class=\"nuestra-dist-list-item\">\n<li><span dir=\"auto\">Circuito de precis\u00e3o para opera\u00e7\u00e3o sem erros<\/span><\/li>\n<li><span dir=\"auto\">CI Philips para maior vida \u00fatil de programa\u00e7\u00e3o<\/span><\/li>\n<li><span dir=\"auto\">Capacitor de alta capacidade para uso em baixas rota\u00e7\u00f5es (RPM)<\/span><\/li>\n<li><span dir=\"auto\">Conector de nylon PA66 resistente a altas temperaturas e \u00e0 prova de fogo<\/span><\/li>\n<\/ul>\n","protected":false},"featured_media":2266,"comment_status":"closed","ping_status":"closed","template":"","meta":[],"product_brand":[],"product_cat":[50],"product_tag":[],"class_list":{"0":"post-2265","1":"product","2":"type-product","3":"status-publish","4":"has-post-thumbnail","6":"product_cat-eletricas-partes","8":"first","9":"instock","10":"shipping-taxable","11":"product-type-simple"},"_links":{"self":[{"href":"https:\/\/elprapremium.com\/br\/wp-json\/wp\/v2\/product\/2265","targetHints":{"allow":["GET"]}}],"collection":[{"href":"https:\/\/elprapremium.com\/br\/wp-json\/wp\/v2\/product"}],"about":[{"href":"https:\/\/elprapremium.com\/br\/wp-json\/wp\/v2\/types\/product"}],"replies":[{"embeddable":true,"href":"https:\/\/elprapremium.com\/br\/wp-json\/wp\/v2\/comments?post=2265"}],"wp:featuredmedia":[{"embeddable":true,"href":"https:\/\/elprapremium.com\/br\/wp-json\/wp\/v2\/media\/2266"}],"wp:attachment":[{"href":"https:\/\/elprapremium.com\/br\/wp-json\/wp\/v2\/media?parent=2265"}],"wp:term":[{"taxonomy":"product_brand","embeddable":true,"href":"https:\/\/elprapremium.com\/br\/wp-json\/wp\/v2\/product_brand?post=2265"},{"taxonomy":"product_cat","embeddable":true,"href":"https:\/\/elprapremium.com\/br\/wp-json\/wp\/v2\/product_cat?post=2265"},{"taxonomy":"product_tag","embeddable":true,"href":"https:\/\/elprapremium.com\/br\/wp-json\/wp\/v2\/product_tag?post=2265"}],"curies":[{"name":"wp","href":"https:\/\/api.w.org\/{rel}","templated":true}]}}