{"id":2262,"date":"2025-11-01T10:15:12","date_gmt":"2025-11-01T10:15:12","guid":{"rendered":"https:\/\/elprapremium.creativebuffs.com\/?post_type=product&#038;p=2262"},"modified":"2025-12-16T18:56:39","modified_gmt":"2025-12-16T18:56:39","slug":"cdi","status":"publish","type":"product","link":"https:\/\/elprapremium.com\/br\/product\/eletricas-partes\/cdi\/","title":{"rendered":"CDI"},"content":{"rendered":"","protected":false},"excerpt":{"rendered":"<p>Utilizamos a tecnologia mais avan\u00e7ada, combinada com quase uma d\u00e9cada de trabalho \u00e1rduo e dedica\u00e7\u00e3o. Somos superiores em qualidade gra\u00e7as \u00e0 nossa tecnologia de ponta e outros recursos exclusivos.<\/p>\n<p class=\"prd-tt-txt\"><strong>Caracter\u00edsticas:<\/strong><\/p>\n<ul class=\"nuestra-dist-list-item\">\n<li><span dir=\"auto\">Os transistores s\u00e3o substitu\u00eddos por MOSFETs para aumentar a efici\u00eancia<\/span><\/li>\n<li><span dir=\"auto\">Circuito de precis\u00e3o para opera\u00e7\u00e3o sem erros<\/span><\/li>\n<li><span dir=\"auto\">CI Philips para maior vida \u00fatil de programa\u00e7\u00e3o<\/span><\/li>\n<li><span dir=\"auto\">Capacitor de alta capacidade para uso em baixas rota\u00e7\u00f5es (RPM)<\/span><\/li>\n<li><span dir=\"auto\">Conector de nylon PA66 resistente a altas temperaturas e \u00e0 prova de fogo<\/span><\/li>\n<\/ul>\n<p class=\"prd-tt-txt\">\n","protected":false},"featured_media":2264,"comment_status":"closed","ping_status":"closed","template":"","meta":[],"product_brand":[],"product_cat":[50],"product_tag":[],"class_list":{"0":"post-2262","1":"product","2":"type-product","3":"status-publish","4":"has-post-thumbnail","6":"product_cat-eletricas-partes","8":"first","9":"instock","10":"shipping-taxable","11":"product-type-simple"},"_links":{"self":[{"href":"https:\/\/elprapremium.com\/br\/wp-json\/wp\/v2\/product\/2262","targetHints":{"allow":["GET"]}}],"collection":[{"href":"https:\/\/elprapremium.com\/br\/wp-json\/wp\/v2\/product"}],"about":[{"href":"https:\/\/elprapremium.com\/br\/wp-json\/wp\/v2\/types\/product"}],"replies":[{"embeddable":true,"href":"https:\/\/elprapremium.com\/br\/wp-json\/wp\/v2\/comments?post=2262"}],"wp:featuredmedia":[{"embeddable":true,"href":"https:\/\/elprapremium.com\/br\/wp-json\/wp\/v2\/media\/2264"}],"wp:attachment":[{"href":"https:\/\/elprapremium.com\/br\/wp-json\/wp\/v2\/media?parent=2262"}],"wp:term":[{"taxonomy":"product_brand","embeddable":true,"href":"https:\/\/elprapremium.com\/br\/wp-json\/wp\/v2\/product_brand?post=2262"},{"taxonomy":"product_cat","embeddable":true,"href":"https:\/\/elprapremium.com\/br\/wp-json\/wp\/v2\/product_cat?post=2262"},{"taxonomy":"product_tag","embeddable":true,"href":"https:\/\/elprapremium.com\/br\/wp-json\/wp\/v2\/product_tag?post=2262"}],"curies":[{"name":"wp","href":"https:\/\/api.w.org\/{rel}","templated":true}]}}