{"id":2261,"date":"2025-11-01T10:14:33","date_gmt":"2025-11-01T10:14:33","guid":{"rendered":"https:\/\/elprapremium.creativebuffs.com\/?post_type=product&#038;p=2261"},"modified":"2025-12-17T09:02:44","modified_gmt":"2025-12-17T09:02:44","slug":"valvulas","status":"publish","type":"product","link":"https:\/\/elprapremium.com\/br\/product\/motor-partes\/valvulas\/","title":{"rendered":"V\u00e1lvulas"},"content":{"rendered":"","protected":false},"excerpt":{"rendered":"<p><span dir=\"auto\">Nossas v\u00e1lvulas leves oferecem melhor desempenho do motor e maior economia de combust\u00edvel para atender aos padr\u00f5es de emiss\u00f5es em constante evolu\u00e7\u00e3o. A maior resist\u00eancia \u00e0 fadiga e \u00e0 corros\u00e3o \u00e9 alcan\u00e7ada gra\u00e7as \u00e0 maior profundidade do revestimento de nitreto nas v\u00e1lvulas. Todas as nossas v\u00e1lvulas passam por tratamento t\u00e9rmico adequado, aumentando a resist\u00eancia e a durabilidade nas \u00e1reas da haste e da sede. Essas v\u00e1lvulas s\u00e3o fabricadas de acordo com as especifica\u00e7\u00f5es do equipamento original (OE), com testes rigorosos, incluindo inspe\u00e7\u00e3o de 100% dos componentes cr\u00edticos e detec\u00e7\u00e3o de trincas.<\/span><\/p>\n<p><span dir=\"auto\">Pontos fortes<\/span><\/p>\n<ul>\n<li><span dir=\"auto\">Liga de sil\u00edcio de alta resist\u00eancia<\/span><\/li>\n<li><span dir=\"auto\">Soldagem por acumula\u00e7\u00e3o de v\u00e1cuo<\/span><\/li>\n<li><span dir=\"auto\">Mat\u00e9ria-prima de grau EN52<\/span><\/li>\n<li><span dir=\"auto\">1 hora a 650\u00b0C de t\u00eampera<\/span><\/li>\n<li><span dir=\"auto\">M\u00e9todo de detec\u00e7\u00e3o de falhas por ondas ultrass\u00f4nicas<\/span><\/li>\n<\/ul>\n<p><span dir=\"auto\">Caracter\u00edsticas<\/span><\/p>\n<p>&nbsp;<\/p>\n<ul>\n<li><span dir=\"auto\">Soldagem por acumula\u00e7\u00e3o de v\u00e1cuo<\/span><\/li>\n<li><span dir=\"auto\">Liga de sat\u00e9lite com propriedades de resist\u00eancia a impactos e desgaste<\/span><\/li>\n<li><span dir=\"auto\">V\u00e1lvula de escape fabricada com mat\u00e9ria-prima de grau SCr21Mn9Ni4n<\/span><\/li>\n<li><span dir=\"auto\">1 hora a 650\u00b0C de t\u00eampera<\/span><\/li>\n<li><span dir=\"auto\">Admiss\u00e3o 4Cr10Si2MO<\/span><\/li>\n<\/ul>\n","protected":false},"featured_media":2263,"comment_status":"closed","ping_status":"closed","template":"","meta":[],"product_brand":[],"product_cat":[49],"product_tag":[],"class_list":{"0":"post-2261","1":"product","2":"type-product","3":"status-publish","4":"has-post-thumbnail","6":"product_cat-motor-partes","8":"first","9":"instock","10":"shipping-taxable","11":"product-type-simple"},"_links":{"self":[{"href":"https:\/\/elprapremium.com\/br\/wp-json\/wp\/v2\/product\/2261","targetHints":{"allow":["GET"]}}],"collection":[{"href":"https:\/\/elprapremium.com\/br\/wp-json\/wp\/v2\/product"}],"about":[{"href":"https:\/\/elprapremium.com\/br\/wp-json\/wp\/v2\/types\/product"}],"replies":[{"embeddable":true,"href":"https:\/\/elprapremium.com\/br\/wp-json\/wp\/v2\/comments?post=2261"}],"wp:featuredmedia":[{"embeddable":true,"href":"https:\/\/elprapremium.com\/br\/wp-json\/wp\/v2\/media\/2263"}],"wp:attachment":[{"href":"https:\/\/elprapremium.com\/br\/wp-json\/wp\/v2\/media?parent=2261"}],"wp:term":[{"taxonomy":"product_brand","embeddable":true,"href":"https:\/\/elprapremium.com\/br\/wp-json\/wp\/v2\/product_brand?post=2261"},{"taxonomy":"product_cat","embeddable":true,"href":"https:\/\/elprapremium.com\/br\/wp-json\/wp\/v2\/product_cat?post=2261"},{"taxonomy":"product_tag","embeddable":true,"href":"https:\/\/elprapremium.com\/br\/wp-json\/wp\/v2\/product_tag?post=2261"}],"curies":[{"name":"wp","href":"https:\/\/api.w.org\/{rel}","templated":true}]}}