{"id":2258,"date":"2025-11-01T10:11:17","date_gmt":"2025-11-01T10:11:17","guid":{"rendered":"https:\/\/elprapremium.creativebuffs.com\/?post_type=product&#038;p=2258"},"modified":"2026-01-13T08:48:47","modified_gmt":"2026-01-13T08:48:47","slug":"lampadas","status":"publish","type":"product","link":"https:\/\/elprapremium.com\/br\/product\/eletricas-partes\/lampadas\/","title":{"rendered":"L\u00e2mpadas"},"content":{"rendered":"<p><span dir=\"auto\">Nossa qualidade superior deve-se \u00e0s nossas f\u00e1bricas aprovadas pela SGS, onde os produtos atingem a perfei\u00e7\u00e3o usando in\u00fameros par\u00e2metros de qualidade. Utilizamos um m\u00ednimo de BOP (pe\u00e7as do comprador) para manter controle de qualidade completo.<\/span><\/p>\n<table class=\"material-tab\" width=\"600\">\n<tbody>\n<tr>\n<th width=\"100\">Par\u00e2metro<\/th>\n<th width=\"200\">Detalhes<\/th>\n<th width=\"200\">Elpra<\/th>\n<th width=\"200\">Produto Chin\u00eas<\/th>\n<th width=\"200\">Vantagens da Elpra<\/th>\n<\/tr>\n<tr>\n<th rowspan=\"3\" width=\"100\">BOP<\/th>\n<td width=\"200\">Base<\/td>\n<td width=\"200\">Terceirizada<\/td>\n<td width=\"200\">Terceirizada<\/td>\n<td width=\"200\">Como essas pe\u00e7as requerem grande infraestrutura, todos os OEMs tamb\u00e9m compram essas pe\u00e7as de f\u00e1bricas terceirizadas.<\/td>\n<\/tr>\n<tr>\n<td width=\"200\">Enrolamento<\/td>\n<td width=\"200\">Cobre 0,8 MM<\/td>\n<td width=\"200\">Cobre 0,75 MM<\/td>\n<td width=\"200\">Gera\u00e7\u00e3o de corrente necess\u00e1ria<\/td>\n<\/tr>\n<tr>\n<td width=\"200\">Filamento<\/td>\n<td width=\"200\">Produ\u00e7\u00e3o interna<\/td>\n<td width=\"200\">Terceirizado<\/td>\n<td width=\"200\">Garante padroniza\u00e7\u00e3o da qualidade<\/td>\n<\/tr>\n<tr>\n<th rowspan=\"5\" width=\"100\">Mat\u00e9ria-prima<\/th>\n<td width=\"200\">Vidro<\/td>\n<td width=\"200\">Quartzo<\/td>\n<td width=\"200\">Vidro de qualidade normal<\/td>\n<td width=\"200\">Menor deprecia\u00e7\u00e3o de l\u00famens<\/td>\n<\/tr>\n<tr>\n<td width=\"200\">Filamento<\/td>\n<td width=\"200\">Tungst\u00eanio<\/td>\n<td width=\"200\">Tungst\u00eanio de qualidade inferior<\/td>\n<td width=\"200\">Maior durabilidade e m\u00e1xima luminosidade<\/td>\n<\/tr>\n<tr>\n<td width=\"200\">G\u00e1s interno<\/td>\n<td width=\"200\">Xen\u00f4nio<\/td>\n<td width=\"200\">Ne\u00f4nio<\/td>\n<td width=\"200\">Maior durabilidade e mais l\u00famens<\/td>\n<\/tr>\n<tr>\n<td width=\"200\">Fio condutor<\/td>\n<td width=\"200\">Cobre de alta qualidade<\/td>\n<td width=\"200\">Cobre de qualidade inferior<\/td>\n<td width=\"200\">Cobre de alta qualidade\/comprimento adequado garante aus\u00eancia de vazamento<\/td>\n<\/tr>\n<tr>\n<td width=\"200\">Base<\/td>\n<td width=\"200\">A\u00e7o\/Ferro<\/td>\n<td width=\"200\">Ferro<\/td>\n<td width=\"200\">Material conforme a exig\u00eancia do cliente<\/td>\n<\/tr>\n<\/tbody>\n<\/table>\n<div class=\"row\">\n<div class=\"col-md-12 txt-cntr\"><img decoding=\"async\" src=\"http:\/\/www.ritsukaparts.com\/en\/wp-content\/uploads\/2018\/09\/Bike-front-side.png\" \/><\/div>\n<div class=\"col-md-12 txt-cntr\"><img decoding=\"async\" src=\"http:\/\/www.ritsukaparts.com\/en\/wp-content\/uploads\/2018\/09\/Bike-back-side.png\" \/><\/div>\n<\/div>\n","protected":false},"excerpt":{"rendered":"<p>Cada um dos nossos estatores cuidadosamente fabricados \u00e9 testado de acordo com padr\u00f5es internacionais. Temos paix\u00e3o por criar as melhores pe\u00e7as de reposi\u00e7\u00e3o poss\u00edveis, e nossa inspe\u00e7\u00e3o de qualidade 100% durante a produ\u00e7\u00e3o garante um produto de alta qualidade.<\/p>\n<p class=\"prd-tt-txt\"><strong>Caracter\u00edsticas:<\/strong><\/p>\n<ul class=\"nuestra-dist-list-item\">\n<li><span dir=\"auto\">Alta qualidade e durabilidade<\/span><\/li>\n<li><span dir=\"auto\">Fabricado para fornecer excelente luminosidade e longa vida \u00fatil<\/span><\/li>\n<li><span dir=\"auto\">Alto fluxo luminoso<\/span><\/li>\n<li><span dir=\"auto\">Fluxo luminoso constante durante toda a vida \u00fatil da l\u00e2mpada<\/span><\/li>\n<li><span dir=\"auto\">At\u00e9 tr\u00eas vezes mais vida \u00fatil (em compara\u00e7\u00e3o com l\u00e2mpadas padr\u00e3o)<\/span><\/li>\n<li><span dir=\"auto\">Design elegante<\/span><\/li>\n<li><span dir=\"auto\">Sem efeitos de cor irritantes<\/span><\/li>\n<li><span dir=\"auto\">Design otimizado do filamento<\/span><\/li>\n<li><span dir=\"auto\">Aprovado pela CCT<\/span><\/li>\n<li><span dir=\"auto\">Resistente a vibra\u00e7\u00f5es<\/span><\/li>\n<li><span dir=\"auto\">Pe\u00e7as de reposi\u00e7\u00e3o originais<\/span><\/li>\n<li><span dir=\"auto\">L\u00e2mpadas hal\u00f3genas: componentes principais<\/span><\/li>\n<\/ul>\n","protected":false},"featured_media":2260,"comment_status":"closed","ping_status":"closed","template":"","meta":[],"product_brand":[],"product_cat":[50],"product_tag":[],"class_list":{"0":"post-2258","1":"product","2":"type-product","3":"status-publish","4":"has-post-thumbnail","6":"product_cat-eletricas-partes","8":"first","9":"instock","10":"shipping-taxable","11":"product-type-simple"},"_links":{"self":[{"href":"https:\/\/elprapremium.com\/br\/wp-json\/wp\/v2\/product\/2258","targetHints":{"allow":["GET"]}}],"collection":[{"href":"https:\/\/elprapremium.com\/br\/wp-json\/wp\/v2\/product"}],"about":[{"href":"https:\/\/elprapremium.com\/br\/wp-json\/wp\/v2\/types\/product"}],"replies":[{"embeddable":true,"href":"https:\/\/elprapremium.com\/br\/wp-json\/wp\/v2\/comments?post=2258"}],"wp:featuredmedia":[{"embeddable":true,"href":"https:\/\/elprapremium.com\/br\/wp-json\/wp\/v2\/media\/2260"}],"wp:attachment":[{"href":"https:\/\/elprapremium.com\/br\/wp-json\/wp\/v2\/media?parent=2258"}],"wp:term":[{"taxonomy":"product_brand","embeddable":true,"href":"https:\/\/elprapremium.com\/br\/wp-json\/wp\/v2\/product_brand?post=2258"},{"taxonomy":"product_cat","embeddable":true,"href":"https:\/\/elprapremium.com\/br\/wp-json\/wp\/v2\/product_cat?post=2258"},{"taxonomy":"product_tag","embeddable":true,"href":"https:\/\/elprapremium.com\/br\/wp-json\/wp\/v2\/product_tag?post=2258"}],"curies":[{"name":"wp","href":"https:\/\/api.w.org\/{rel}","templated":true}]}}