{"id":2250,"date":"2025-11-01T10:09:22","date_gmt":"2025-11-01T10:09:22","guid":{"rendered":"https:\/\/elprapremium.creativebuffs.com\/?post_type=product&#038;p=2250"},"modified":"2026-01-13T09:06:47","modified_gmt":"2026-01-13T09:06:47","slug":"balancins-de-valvula","status":"publish","type":"product","link":"https:\/\/elprapremium.com\/br\/product\/motor-partes\/balancins-de-valvula\/","title":{"rendered":"Balancins de V\u00e1lvula"},"content":{"rendered":"","protected":false},"excerpt":{"rendered":"<p><span dir=\"auto\">O balancim da v\u00e1lvula \u00e9 uma came oscilante em um motor. Ele se eleva em uma extremidade, sendo abaixado por um ressalto rotativo no eixo de comando, enquanto a outra extremidade engata na haste da v\u00e1lvula. Garantimos a resist\u00eancia ao desgaste utilizando ferro fundido resfriado e submetido a tratamento t\u00e9rmico, e obtemos uma rugosidade superficial perfeita controlando cuidadosamente os par\u00e2metros de usinagem do metal. Em resumo, \u00e9 assim que fabricamos os balancins.<\/span><\/p>\n<p><span dir=\"auto\">Pontos fortes:<\/span><\/p>\n<ul>\n<li><span dir=\"auto\">Dureza perfeita<\/span><\/li>\n<li><span dir=\"auto\">Tratamento t\u00e9rmico<\/span><\/li>\n<li><span dir=\"auto\">Desempenho sem problemas<\/span><\/li>\n<li><span dir=\"auto\">Rolamentos taiwaneses inclu\u00eddos<\/span><\/li>\n<\/ul>\n<p><span dir=\"auto\">Caracter\u00edsticas:<\/span><\/p>\n<ul>\n<li><span dir=\"auto\">Mat\u00e9ria-prima utilizada: 20CrMo<\/span><\/li>\n<li><span dir=\"auto\">Dureza entre 60-62 HRC<\/span><\/li>\n<li><span dir=\"auto\">Profundidade de cementa\u00e7\u00e3o do tratamento t\u00e9rmico: 0,8 \u2013 1,2 m<\/span><\/li>\n<li><span dir=\"auto\">Rugosidade da superf\u00edcie \u2264 0,2 RA<\/span><\/li>\n<li><span dir=\"auto\">Rela\u00e7\u00e3o de balancim da v\u00e1lvula entre 1,5:1,0 e 1,8:1,0<\/span><\/li>\n<\/ul>\n","protected":false},"featured_media":2259,"comment_status":"closed","ping_status":"closed","template":"","meta":[],"product_brand":[],"product_cat":[49],"product_tag":[],"class_list":{"0":"post-2250","1":"product","2":"type-product","3":"status-publish","4":"has-post-thumbnail","6":"product_cat-motor-partes","8":"first","9":"instock","10":"shipping-taxable","11":"product-type-simple"},"_links":{"self":[{"href":"https:\/\/elprapremium.com\/br\/wp-json\/wp\/v2\/product\/2250","targetHints":{"allow":["GET"]}}],"collection":[{"href":"https:\/\/elprapremium.com\/br\/wp-json\/wp\/v2\/product"}],"about":[{"href":"https:\/\/elprapremium.com\/br\/wp-json\/wp\/v2\/types\/product"}],"replies":[{"embeddable":true,"href":"https:\/\/elprapremium.com\/br\/wp-json\/wp\/v2\/comments?post=2250"}],"wp:featuredmedia":[{"embeddable":true,"href":"https:\/\/elprapremium.com\/br\/wp-json\/wp\/v2\/media\/2259"}],"wp:attachment":[{"href":"https:\/\/elprapremium.com\/br\/wp-json\/wp\/v2\/media?parent=2250"}],"wp:term":[{"taxonomy":"product_brand","embeddable":true,"href":"https:\/\/elprapremium.com\/br\/wp-json\/wp\/v2\/product_brand?post=2250"},{"taxonomy":"product_cat","embeddable":true,"href":"https:\/\/elprapremium.com\/br\/wp-json\/wp\/v2\/product_cat?post=2250"},{"taxonomy":"product_tag","embeddable":true,"href":"https:\/\/elprapremium.com\/br\/wp-json\/wp\/v2\/product_tag?post=2250"}],"curies":[{"name":"wp","href":"https:\/\/api.w.org\/{rel}","templated":true}]}}