{"id":2245,"date":"2025-11-01T10:02:40","date_gmt":"2025-11-01T10:02:40","guid":{"rendered":"https:\/\/elprapremium.creativebuffs.com\/?post_type=product&#038;p=2245"},"modified":"2026-01-13T10:44:14","modified_gmt":"2026-01-13T10:44:14","slug":"kit-de-pistao","status":"publish","type":"product","link":"https:\/\/elprapremium.com\/br\/product\/motor-partes\/kit-de-pistao\/","title":{"rendered":"Kit de Pist\u00e3o"},"content":{"rendered":"","protected":false},"excerpt":{"rendered":"<p><span dir=\"auto\">Os pist\u00f5es que fabricamos s\u00e3o sempre feitos com materiais de alta qualidade. Cada componente do pist\u00e3o, como o anel de compress\u00e3o, o anel raspador, o anel de \u00f3leo, o pino do pist\u00e3o, etc., \u00e9 fabricado com a m\u00e1xima precis\u00e3o.<\/span><\/p>\n<p><span dir=\"auto\">Pontos fortes:<\/span><\/p>\n<ul>\n<li><span dir=\"auto\">Revestimentos laterais de fric\u00e7\u00e3o para manter a tens\u00e3o radial nos an\u00e9is.<\/span><\/li>\n<li><span dir=\"auto\">Vida \u00fatil longa do pist\u00e3o<\/span><\/li>\n<\/ul>\n<p><span dir=\"auto\">Caracter\u00edsticas:<\/span><\/p>\n<ul>\n<li><span dir=\"auto\">Fabricado em alum\u00ednio AC8A.<\/span><\/li>\n<li><span dir=\"auto\">An\u00e9is de compress\u00e3o fabricados com precis\u00e3o em ferro fundido de alta qualidade.<\/span><\/li>\n<li><span dir=\"auto\">Fabricado sob rigorosa supervis\u00e3o para manter a qualidade.<\/span><\/li>\n<li><span dir=\"auto\">Cada componente \u00e9 testado, portanto n\u00e3o h\u00e1 margem para erros.<\/span><\/li>\n<li><span dir=\"auto\">Anel de compress\u00e3o fabricado em ferro fundido nodular DH 30<\/span><\/li>\n<li><span dir=\"auto\">Anel limpador composto de a\u00e7o DQ 20<\/span><\/li>\n<li><span dir=\"auto\">An\u00e9is de lubrifica\u00e7\u00e3o em a\u00e7o DS 45<\/span><\/li>\n<li><span dir=\"auto\">Pino do pist\u00e3o fabricado em a\u00e7o 20 CrMo<\/span><\/li>\n<li><span dir=\"auto\">Pist\u00e3o dispon\u00edvel com acabamento em prata brilhante, preto e estanho.<\/span><\/li>\n<li><span dir=\"auto\">Mat\u00e9ria-prima ADC 12 com alto teor de cobre de 1,65%.<\/span><\/li>\n<li><span dir=\"auto\">Mantenha um n\u00edvel de toler\u00e2ncia da manga de 0,002 mm a 0,003 mm.<\/span><\/li>\n<li><span dir=\"auto\">Tratamento t\u00e9rmico a 350 graus<\/span><\/li>\n<li><span dir=\"auto\">Usinagem VMC de alta precis\u00e3o<\/span><\/li>\n<li><span dir=\"auto\">Faixa de dureza Brinell \u226571 HBS<\/span><\/li>\n<li><span dir=\"auto\">Faixa de resist\u00eancia \u00e0 tra\u00e7\u00e3o \u2265 125 MPa<\/span><\/li>\n<li><span dir=\"auto\">Ductilidade \u2265 1%<\/span><\/li>\n<\/ul>\n","protected":false},"featured_media":2248,"comment_status":"closed","ping_status":"closed","template":"","meta":[],"product_brand":[],"product_cat":[49],"product_tag":[],"class_list":{"0":"post-2245","1":"product","2":"type-product","3":"status-publish","4":"has-post-thumbnail","6":"product_cat-motor-partes","8":"first","9":"instock","10":"shipping-taxable","11":"product-type-simple"},"_links":{"self":[{"href":"https:\/\/elprapremium.com\/br\/wp-json\/wp\/v2\/product\/2245","targetHints":{"allow":["GET"]}}],"collection":[{"href":"https:\/\/elprapremium.com\/br\/wp-json\/wp\/v2\/product"}],"about":[{"href":"https:\/\/elprapremium.com\/br\/wp-json\/wp\/v2\/types\/product"}],"replies":[{"embeddable":true,"href":"https:\/\/elprapremium.com\/br\/wp-json\/wp\/v2\/comments?post=2245"}],"wp:featuredmedia":[{"embeddable":true,"href":"https:\/\/elprapremium.com\/br\/wp-json\/wp\/v2\/media\/2248"}],"wp:attachment":[{"href":"https:\/\/elprapremium.com\/br\/wp-json\/wp\/v2\/media?parent=2245"}],"wp:term":[{"taxonomy":"product_brand","embeddable":true,"href":"https:\/\/elprapremium.com\/br\/wp-json\/wp\/v2\/product_brand?post=2245"},{"taxonomy":"product_cat","embeddable":true,"href":"https:\/\/elprapremium.com\/br\/wp-json\/wp\/v2\/product_cat?post=2245"},{"taxonomy":"product_tag","embeddable":true,"href":"https:\/\/elprapremium.com\/br\/wp-json\/wp\/v2\/product_tag?post=2245"}],"curies":[{"name":"wp","href":"https:\/\/api.w.org\/{rel}","templated":true}]}}