{"id":2244,"date":"2025-11-01T10:01:49","date_gmt":"2025-11-01T10:01:49","guid":{"rendered":"https:\/\/elprapremium.creativebuffs.com\/?post_type=product&#038;p=2244"},"modified":"2025-12-16T18:00:16","modified_gmt":"2025-12-16T18:00:16","slug":"pastilha-de-freio","status":"publish","type":"product","link":"https:\/\/elprapremium.com\/br\/product\/freio-e-partes-do-corpo\/pastilha-de-freio\/","title":{"rendered":"Pastilha de Freio"},"content":{"rendered":"","protected":false},"excerpt":{"rendered":"<p><span dir=\"auto\">Projetadas e testadas para uso de alto desempenho, nossas pastilhas de freio s\u00e3o a melhor op\u00e7\u00e3o para aprimorar qualquer sistema de frenagem. Nosso material de fric\u00e7\u00e3o proporciona qualidade superior \u00e0s nossas pastilhas, tornando-as melhores do que as demais no mercado.<\/span><\/p>\n<p><strong><span dir=\"auto\">Caracter\u00edsticas:<\/span><\/strong><\/p>\n<ul>\n<li><span dir=\"auto\">Eles garantem o equil\u00edbrio ideal entre seguran\u00e7a e desempenho, minimizando o desgaste das pastilhas e discos de freio do ve\u00edculo.<\/span><\/li>\n<li><span dir=\"auto\">Efic\u00e1cia inicial aprimorada (sem necessidade de interven\u00e7\u00e3o)<\/span><\/li>\n<li><span dir=\"auto\">Alta resist\u00eancia ao desgaste<\/span><\/li>\n<li><span dir=\"auto\">Frenagem est\u00e1vel e equilibrada<\/span><\/li>\n<li><span dir=\"auto\">Oferece grande resist\u00eancia a cortes.<\/span><\/li>\n<li><span dir=\"auto\">N\u00edveis baixos de ru\u00eddo e vibra\u00e7\u00e3o<\/span><\/li>\n<li><span dir=\"auto\">Revestimento premium submerso: proporciona resist\u00eancia \u00e0 corros\u00e3o para maior durabilidade.<\/span><\/li>\n<li><span dir=\"auto\">N\u00edveis de fric\u00e7\u00e3o elevados e est\u00e1veis<\/span><\/li>\n<li><span dir=\"auto\">Feito para renderiza\u00e7\u00e3o em faixas de temperatura extremas.<\/span><\/li>\n<\/ul>\n","protected":false},"featured_media":2247,"comment_status":"closed","ping_status":"closed","template":"","meta":[],"product_brand":[],"product_cat":[48],"product_tag":[],"class_list":{"0":"post-2244","1":"product","2":"type-product","3":"status-publish","4":"has-post-thumbnail","6":"product_cat-freio-e-partes-do-corpo","8":"first","9":"instock","10":"shipping-taxable","11":"product-type-simple"},"_links":{"self":[{"href":"https:\/\/elprapremium.com\/br\/wp-json\/wp\/v2\/product\/2244","targetHints":{"allow":["GET"]}}],"collection":[{"href":"https:\/\/elprapremium.com\/br\/wp-json\/wp\/v2\/product"}],"about":[{"href":"https:\/\/elprapremium.com\/br\/wp-json\/wp\/v2\/types\/product"}],"replies":[{"embeddable":true,"href":"https:\/\/elprapremium.com\/br\/wp-json\/wp\/v2\/comments?post=2244"}],"wp:featuredmedia":[{"embeddable":true,"href":"https:\/\/elprapremium.com\/br\/wp-json\/wp\/v2\/media\/2247"}],"wp:attachment":[{"href":"https:\/\/elprapremium.com\/br\/wp-json\/wp\/v2\/media?parent=2244"}],"wp:term":[{"taxonomy":"product_brand","embeddable":true,"href":"https:\/\/elprapremium.com\/br\/wp-json\/wp\/v2\/product_brand?post=2244"},{"taxonomy":"product_cat","embeddable":true,"href":"https:\/\/elprapremium.com\/br\/wp-json\/wp\/v2\/product_cat?post=2244"},{"taxonomy":"product_tag","embeddable":true,"href":"https:\/\/elprapremium.com\/br\/wp-json\/wp\/v2\/product_tag?post=2244"}],"curies":[{"name":"wp","href":"https:\/\/api.w.org\/{rel}","templated":true}]}}