{"id":2236,"date":"2025-11-01T09:58:48","date_gmt":"2025-11-01T09:58:48","guid":{"rendered":"https:\/\/elprapremium.creativebuffs.com\/?post_type=product&#038;p=2236"},"modified":"2025-12-17T07:33:00","modified_gmt":"2025-12-17T07:33:00","slug":"juntas-e-kit-de-fixacao","status":"publish","type":"product","link":"https:\/\/elprapremium.com\/br\/product\/motor-partes\/juntas-e-kit-de-fixacao\/","title":{"rendered":"Juntas e Kit de Fixa\u00e7\u00e3o"},"content":{"rendered":"<p><span dir=\"auto\">Fabricamos juntas de motor de motocicleta de alto desempenho que oferecem qualidade ideal e s\u00e3o as mais adequadas para atender \u00e0s demandas espec\u00edficas de nossos clientes e do mercado. Nosso forte compromisso em manter uma organiza\u00e7\u00e3o orientada para a qualidade, juntamente com iniciativas inovadoras de desenvolvimento de produtos, garante o reconhecimento de nossos produtos.<\/span><\/p>\n<p><span dir=\"auto\">Pontos fortes:<\/span><\/p>\n<ul>\n<li><span dir=\"auto\">Mat\u00e9rias-primas de alta qualidade<\/span><\/li>\n<li><span dir=\"auto\">Dimens\u00f5es precisas<\/span><\/li>\n<li><span dir=\"auto\">Acabamento de superf\u00edcie lisa<\/span><\/li>\n<li><span dir=\"auto\">Alta resist\u00eancia ao calor e \u00e0 compress\u00e3o.<\/span><\/li>\n<li><span dir=\"auto\">Controle de qualidade rigoroso<\/span><\/li>\n<\/ul>\n","protected":false},"excerpt":{"rendered":"<p><span dir=\"auto\">Fabricamos juntas de motor de motocicleta de alto desempenho que oferecem qualidade ideal e s\u00e3o as mais adequadas para atender \u00e0s demandas espec\u00edficas de nossos clientes e do mercado. Nosso forte compromisso em manter uma organiza\u00e7\u00e3o orientada para a qualidade, juntamente com iniciativas inovadoras de desenvolvimento de produtos, garante o reconhecimento de nossos produtos.<\/span><\/p>\n<p><span dir=\"auto\">Pontos fortes:<\/span><\/p>\n<ul>\n<li><span dir=\"auto\">Mat\u00e9rias-primas de alta qualidade<\/span><\/li>\n<li><span dir=\"auto\">Dimens\u00f5es precisas<\/span><\/li>\n<li><span dir=\"auto\">Acabamento de superf\u00edcie lisa<\/span><\/li>\n<li><span dir=\"auto\">Alta resist\u00eancia ao calor e \u00e0 compress\u00e3o.<\/span><\/li>\n<li><span dir=\"auto\">Controle de qualidade rigoroso<\/span><\/li>\n<\/ul>\n","protected":false},"featured_media":2242,"comment_status":"closed","ping_status":"closed","template":"","meta":[],"product_brand":[],"product_cat":[49],"product_tag":[],"class_list":{"0":"post-2236","1":"product","2":"type-product","3":"status-publish","4":"has-post-thumbnail","6":"product_cat-motor-partes","8":"first","9":"instock","10":"shipping-taxable","11":"product-type-simple"},"_links":{"self":[{"href":"https:\/\/elprapremium.com\/br\/wp-json\/wp\/v2\/product\/2236","targetHints":{"allow":["GET"]}}],"collection":[{"href":"https:\/\/elprapremium.com\/br\/wp-json\/wp\/v2\/product"}],"about":[{"href":"https:\/\/elprapremium.com\/br\/wp-json\/wp\/v2\/types\/product"}],"replies":[{"embeddable":true,"href":"https:\/\/elprapremium.com\/br\/wp-json\/wp\/v2\/comments?post=2236"}],"wp:featuredmedia":[{"embeddable":true,"href":"https:\/\/elprapremium.com\/br\/wp-json\/wp\/v2\/media\/2242"}],"wp:attachment":[{"href":"https:\/\/elprapremium.com\/br\/wp-json\/wp\/v2\/media?parent=2236"}],"wp:term":[{"taxonomy":"product_brand","embeddable":true,"href":"https:\/\/elprapremium.com\/br\/wp-json\/wp\/v2\/product_brand?post=2236"},{"taxonomy":"product_cat","embeddable":true,"href":"https:\/\/elprapremium.com\/br\/wp-json\/wp\/v2\/product_cat?post=2236"},{"taxonomy":"product_tag","embeddable":true,"href":"https:\/\/elprapremium.com\/br\/wp-json\/wp\/v2\/product_tag?post=2236"}],"curies":[{"name":"wp","href":"https:\/\/api.w.org\/{rel}","templated":true}]}}