{"id":2233,"date":"2025-11-01T09:57:49","date_gmt":"2025-11-01T09:57:49","guid":{"rendered":"https:\/\/elprapremium.creativebuffs.com\/?post_type=product&#038;p=2233"},"modified":"2025-12-17T07:19:09","modified_gmt":"2025-12-17T07:19:09","slug":"raios-e-nipples","status":"publish","type":"product","link":"https:\/\/elprapremium.com\/br\/product\/freio-e-partes-do-corpo\/raios-e-nipples\/","title":{"rendered":"Raios e Nipples"},"content":{"rendered":"<p><span dir=\"auto\">Somos especializados na fabrica\u00e7\u00e3o de raios e niples de alto desempenho para uso profissional e amador. Regularmente premiados com as mais altas classifica\u00e7\u00f5es de resist\u00eancia \u00e0 fadiga, sua for\u00e7a e flexibilidade \u00fanicas os tornam onipresentes em rodas de alta gama.<\/span><\/p>\n<p><span dir=\"auto\">Caracter\u00edsticas:<\/span><\/p>\n<ul>\n<li><span dir=\"auto\">Fabricado em a\u00e7o inoxid\u00e1vel resistente \u00e0 fadiga e \u00e0 tra\u00e7\u00e3o.<\/span><\/li>\n<li><span dir=\"auto\">Leve<\/span><\/li>\n<li><span dir=\"auto\">Resistente \u00e0 corros\u00e3o<\/span><\/li>\n<li><span dir=\"auto\">Ultraleve<\/span><\/li>\n<li><span dir=\"auto\">Boa resist\u00eancia residual<\/span><\/li>\n<li><span dir=\"auto\">Alta capacidade de carga<\/span><\/li>\n<li><span dir=\"auto\">Raios livres de tor\u00e7\u00e3o<\/span><\/li>\n<li><span dir=\"auto\">folheado de grau 4<\/span><\/li>\n<\/ul>\n","protected":false},"excerpt":{"rendered":"<p><span dir=\"auto\">Somos especializados na fabrica\u00e7\u00e3o de raios e niples de alto desempenho para uso profissional e amador. Regularmente premiados com as mais altas classifica\u00e7\u00f5es de resist\u00eancia \u00e0 fadiga, sua for\u00e7a e flexibilidade \u00fanicas os tornam onipresentes em rodas de alta gama.<\/span><\/p>\n<p><span dir=\"auto\">Caracter\u00edsticas:<\/span><\/p>\n<ul>\n<li><span dir=\"auto\">Fabricado em a\u00e7o inoxid\u00e1vel resistente \u00e0 fadiga e \u00e0 tra\u00e7\u00e3o.<\/span><\/li>\n<li><span dir=\"auto\">Leve<\/span><\/li>\n<li><span dir=\"auto\">Resistente \u00e0 corros\u00e3o<\/span><\/li>\n<li><span dir=\"auto\">Ultraleve<\/span><\/li>\n<li><span dir=\"auto\">Boa resist\u00eancia residual<\/span><\/li>\n<li><span dir=\"auto\">Alta capacidade de carga<\/span><\/li>\n<li><span dir=\"auto\">Raios livres de tor\u00e7\u00e3o<\/span><\/li>\n<li><span dir=\"auto\">folheado de grau 4<\/span><\/li>\n<\/ul>\n","protected":false},"featured_media":2237,"comment_status":"closed","ping_status":"closed","template":"","meta":[],"product_brand":[],"product_cat":[48],"product_tag":[],"class_list":{"0":"post-2233","1":"product","2":"type-product","3":"status-publish","4":"has-post-thumbnail","6":"product_cat-freio-e-partes-do-corpo","8":"first","9":"instock","10":"shipping-taxable","11":"product-type-simple"},"_links":{"self":[{"href":"https:\/\/elprapremium.com\/br\/wp-json\/wp\/v2\/product\/2233","targetHints":{"allow":["GET"]}}],"collection":[{"href":"https:\/\/elprapremium.com\/br\/wp-json\/wp\/v2\/product"}],"about":[{"href":"https:\/\/elprapremium.com\/br\/wp-json\/wp\/v2\/types\/product"}],"replies":[{"embeddable":true,"href":"https:\/\/elprapremium.com\/br\/wp-json\/wp\/v2\/comments?post=2233"}],"wp:featuredmedia":[{"embeddable":true,"href":"https:\/\/elprapremium.com\/br\/wp-json\/wp\/v2\/media\/2237"}],"wp:attachment":[{"href":"https:\/\/elprapremium.com\/br\/wp-json\/wp\/v2\/media?parent=2233"}],"wp:term":[{"taxonomy":"product_brand","embeddable":true,"href":"https:\/\/elprapremium.com\/br\/wp-json\/wp\/v2\/product_brand?post=2233"},{"taxonomy":"product_cat","embeddable":true,"href":"https:\/\/elprapremium.com\/br\/wp-json\/wp\/v2\/product_cat?post=2233"},{"taxonomy":"product_tag","embeddable":true,"href":"https:\/\/elprapremium.com\/br\/wp-json\/wp\/v2\/product_tag?post=2233"}],"curies":[{"name":"wp","href":"https:\/\/api.w.org\/{rel}","templated":true}]}}