{"id":2229,"date":"2025-11-01T09:53:58","date_gmt":"2025-11-01T09:53:58","guid":{"rendered":"https:\/\/elprapremium.creativebuffs.com\/?post_type=product&#038;p=2229"},"modified":"2025-12-17T08:47:23","modified_gmt":"2025-12-17T08:47:23","slug":"amortecedores","status":"publish","type":"product","link":"https:\/\/elprapremium.com\/br\/product\/freio-e-partes-do-corpo\/amortecedores\/","title":{"rendered":"Amortecedores"},"content":{"rendered":"","protected":false},"excerpt":{"rendered":"<p><span dir=\"auto\">Nossos amortecedores passam por rigorosas inspe\u00e7\u00f5es de qualidade internacionais em todas as etapas de produ\u00e7\u00e3o, garantindo nossa qualidade superior. Com esse padr\u00e3o de excel\u00eancia, fabricamos aproximadamente 100.000 unidades por m\u00eas em uma ampla gama de cerca de 100 modelos diferentes. Nossos prazos de produ\u00e7\u00e3o eficientes, que garantem a entrega r\u00e1pida, e nossos processos de fabrica\u00e7\u00e3o otimizados nos permitem alcan\u00e7ar 100% de satisfa\u00e7\u00e3o do cliente e qualidade incompar\u00e1vel.<\/span><strong><span dir=\"auto\">Caracter\u00edsticas:<\/span><\/strong><\/p>\n<ul>\n<li><span dir=\"auto\">Ampla gama (tradicional e monoamortecedor) que se adapta a diversos modelos de motocicletas.<\/span><\/li>\n<li><span dir=\"auto\">Alta resist\u00eancia<\/span><\/li>\n<li><span dir=\"auto\">Haste do pist\u00e3o revestida com cromo duro\/n\u00edquel para um funcionamento suave.<\/span><\/li>\n<li><span dir=\"auto\">Utiliza\u00e7\u00e3o de materiais de alta qualidade nas molas da suspens\u00e3o para melhorar a durabilidade.<\/span><\/li>\n<li><span dir=\"auto\">Sistema de suspens\u00e3o otimizado para suportar cargas de trabalho elevadas.<\/span><\/li>\n<li><span dir=\"auto\">Sistema hidr\u00e1ulico pressurizado a g\u00e1s para maior conforto ao dirigir<\/span><\/li>\n<li><span dir=\"auto\">Suspens\u00f5es \u00e0 prova de respingos para diferentes tipos de estradas<\/span><\/li>\n<li><span dir=\"auto\">Alto amortecimento para melhor capacidade de absor\u00e7\u00e3o de impactos.<\/span><\/li>\n<li><span dir=\"auto\">Gr\u00e1fico de cavita\u00e7\u00e3o sem distor\u00e7\u00e3o em 500 ciclos.<\/span><\/li>\n<\/ul>\n","protected":false},"featured_media":2232,"comment_status":"closed","ping_status":"closed","template":"","meta":[],"product_brand":[],"product_cat":[48],"product_tag":[],"class_list":{"0":"post-2229","1":"product","2":"type-product","3":"status-publish","4":"has-post-thumbnail","6":"product_cat-freio-e-partes-do-corpo","8":"first","9":"instock","10":"shipping-taxable","11":"product-type-simple"},"_links":{"self":[{"href":"https:\/\/elprapremium.com\/br\/wp-json\/wp\/v2\/product\/2229","targetHints":{"allow":["GET"]}}],"collection":[{"href":"https:\/\/elprapremium.com\/br\/wp-json\/wp\/v2\/product"}],"about":[{"href":"https:\/\/elprapremium.com\/br\/wp-json\/wp\/v2\/types\/product"}],"replies":[{"embeddable":true,"href":"https:\/\/elprapremium.com\/br\/wp-json\/wp\/v2\/comments?post=2229"}],"wp:featuredmedia":[{"embeddable":true,"href":"https:\/\/elprapremium.com\/br\/wp-json\/wp\/v2\/media\/2232"}],"wp:attachment":[{"href":"https:\/\/elprapremium.com\/br\/wp-json\/wp\/v2\/media?parent=2229"}],"wp:term":[{"taxonomy":"product_brand","embeddable":true,"href":"https:\/\/elprapremium.com\/br\/wp-json\/wp\/v2\/product_brand?post=2229"},{"taxonomy":"product_cat","embeddable":true,"href":"https:\/\/elprapremium.com\/br\/wp-json\/wp\/v2\/product_cat?post=2229"},{"taxonomy":"product_tag","embeddable":true,"href":"https:\/\/elprapremium.com\/br\/wp-json\/wp\/v2\/product_tag?post=2229"}],"curies":[{"name":"wp","href":"https:\/\/api.w.org\/{rel}","templated":true}]}}