{"id":2227,"date":"2025-11-01T09:53:08","date_gmt":"2025-11-01T09:53:08","guid":{"rendered":"https:\/\/elprapremium.creativebuffs.com\/?post_type=product&#038;p=2227"},"modified":"2026-01-13T10:41:39","modified_gmt":"2026-01-13T10:41:39","slug":"kit-de-cilindro","status":"publish","type":"product","link":"https:\/\/elprapremium.com\/br\/product\/motor-partes\/kit-de-cilindro\/","title":{"rendered":"Kit de cilindro"},"content":{"rendered":"","protected":false},"excerpt":{"rendered":"<p><span dir=\"auto\">Fabricado em liga de alum\u00ednio ADC 12 de alto desempenho com corpo de ferro fundido resistente ao desgaste, oferecemos kits de cilindro de qualidade mundial.<\/span><\/p>\n<p><span dir=\"auto\">Pontos fortes<\/span><\/p>\n<ul>\n<li><span dir=\"auto\">Toler\u00e2ncias precisas para maior efici\u00eancia e menor taxa de desgaste<\/span><\/li>\n<li><span dir=\"auto\">Qualidade de acordo com os padr\u00f5es OEM<\/span><\/li>\n<li><span dir=\"auto\">Alta resist\u00eancia a temperaturas<\/span><\/li>\n<\/ul>\n<p><span dir=\"auto\">Caracter\u00edsticas:<\/span><\/p>\n<ul>\n<li><span dir=\"auto\">Mat\u00e9ria-prima ADC 12 com alto teor de cobre de 1,65%<\/span><\/li>\n<li><span dir=\"auto\">Manuten\u00e7\u00e3o da toler\u00e2ncia de di\u00e2metro da camisa em 0,002 mm ~ 0,003 mm<\/span><\/li>\n<li><span dir=\"auto\">Tratamento t\u00e9rmico a 350 graus Celsius<\/span><\/li>\n<li><span dir=\"auto\">Camisa de ferro fundido tratada termicamente e resistente ao desgaste<\/span><\/li>\n<li><span dir=\"auto\">Intervalo de dureza Brinell \u2265 74,1 HBS<\/span><\/li>\n<li><span dir=\"auto\">Intervalo de resist\u00eancia \u00e0 tra\u00e7\u00e3o \u2265 190 MPa<\/span><\/li>\n<li><span dir=\"auto\">Ductilidade \u2265 1%<\/span><\/li>\n<\/ul>\n","protected":false},"featured_media":2230,"comment_status":"closed","ping_status":"closed","template":"","meta":[],"product_brand":[],"product_cat":[49],"product_tag":[],"class_list":{"0":"post-2227","1":"product","2":"type-product","3":"status-publish","4":"has-post-thumbnail","6":"product_cat-motor-partes","8":"first","9":"instock","10":"shipping-taxable","11":"product-type-simple"},"_links":{"self":[{"href":"https:\/\/elprapremium.com\/br\/wp-json\/wp\/v2\/product\/2227","targetHints":{"allow":["GET"]}}],"collection":[{"href":"https:\/\/elprapremium.com\/br\/wp-json\/wp\/v2\/product"}],"about":[{"href":"https:\/\/elprapremium.com\/br\/wp-json\/wp\/v2\/types\/product"}],"replies":[{"embeddable":true,"href":"https:\/\/elprapremium.com\/br\/wp-json\/wp\/v2\/comments?post=2227"}],"wp:featuredmedia":[{"embeddable":true,"href":"https:\/\/elprapremium.com\/br\/wp-json\/wp\/v2\/media\/2230"}],"wp:attachment":[{"href":"https:\/\/elprapremium.com\/br\/wp-json\/wp\/v2\/media?parent=2227"}],"wp:term":[{"taxonomy":"product_brand","embeddable":true,"href":"https:\/\/elprapremium.com\/br\/wp-json\/wp\/v2\/product_brand?post=2227"},{"taxonomy":"product_cat","embeddable":true,"href":"https:\/\/elprapremium.com\/br\/wp-json\/wp\/v2\/product_cat?post=2227"},{"taxonomy":"product_tag","embeddable":true,"href":"https:\/\/elprapremium.com\/br\/wp-json\/wp\/v2\/product_tag?post=2227"}],"curies":[{"name":"wp","href":"https:\/\/api.w.org\/{rel}","templated":true}]}}