{"id":2220,"date":"2025-11-01T09:42:42","date_gmt":"2025-11-01T09:42:42","guid":{"rendered":"https:\/\/elprapremium.creativebuffs.com\/?post_type=product&#038;p=2220"},"modified":"2025-12-17T07:16:06","modified_gmt":"2025-12-17T07:16:06","slug":"aros-de-roda","status":"publish","type":"product","link":"https:\/\/elprapremium.com\/br\/product\/freio-e-partes-do-corpo\/aros-de-roda\/","title":{"rendered":"Aros de Roda"},"content":{"rendered":"<p><span dir=\"auto\">Fabricamos pneus de alto desempenho que oferecem qualidade ideal. Nosso forte compromisso em manter<\/span><br \/>\n<span dir=\"auto\">uma organiza\u00e7\u00e3o orientada para a qualidade, juntamente com iniciativas inovadoras de desenvolvimento de produtos,<\/span><br \/>\n<span dir=\"auto\">garante que nossos pneus sejam reconhecidos e aceitos por nossos clientes em todo o mundo.<\/span><\/p>\n<p><strong><span dir=\"auto\">Caracter\u00edsticas:<\/span><\/strong><\/p>\n<ul>\n<li><span dir=\"auto\">Figura uniforme<\/span><\/li>\n<li><span dir=\"auto\">Aplicado universalmente<\/span><\/li>\n<li><span dir=\"auto\">Acabamento de superf\u00edcie lisa<\/span><\/li>\n<li><span dir=\"auto\">Leve<\/span><\/li>\n<li><span dir=\"auto\">Alta capacidade de carga<\/span><\/li>\n<li><span dir=\"auto\">Instala\u00e7\u00e3o f\u00e1cil da capa<\/span><\/li>\n<\/ul>\n","protected":false},"excerpt":{"rendered":"<p><span dir=\"auto\">Fabricamos pneus de alto desempenho que oferecem qualidade ideal. Nosso forte compromisso em manter<\/span><br \/>\n<span dir=\"auto\">uma organiza\u00e7\u00e3o orientada para a qualidade, juntamente com iniciativas inovadoras de desenvolvimento de produtos,<\/span><br \/>\n<span dir=\"auto\">garante que nossos pneus sejam reconhecidos e aceitos por nossos clientes em todo o mundo.<\/span><\/p>\n<p><strong><span dir=\"auto\">Caracter\u00edsticas:<\/span><\/strong><\/p>\n<ul>\n<li><span dir=\"auto\">Figura uniforme<\/span><\/li>\n<li><span dir=\"auto\">Aplicado universalmente<\/span><\/li>\n<li><span dir=\"auto\">Acabamento de superf\u00edcie lisa<\/span><\/li>\n<li><span dir=\"auto\">Leve<\/span><\/li>\n<li><span dir=\"auto\">Alta capacidade de carga<\/span><\/li>\n<li><span dir=\"auto\">Instala\u00e7\u00e3o f\u00e1cil da capa<\/span><\/li>\n<\/ul>\n","protected":false},"featured_media":2225,"comment_status":"closed","ping_status":"closed","template":"","meta":[],"product_brand":[],"product_cat":[48],"product_tag":[],"class_list":{"0":"post-2220","1":"product","2":"type-product","3":"status-publish","4":"has-post-thumbnail","6":"product_cat-freio-e-partes-do-corpo","8":"first","9":"instock","10":"shipping-taxable","11":"product-type-simple"},"_links":{"self":[{"href":"https:\/\/elprapremium.com\/br\/wp-json\/wp\/v2\/product\/2220","targetHints":{"allow":["GET"]}}],"collection":[{"href":"https:\/\/elprapremium.com\/br\/wp-json\/wp\/v2\/product"}],"about":[{"href":"https:\/\/elprapremium.com\/br\/wp-json\/wp\/v2\/types\/product"}],"replies":[{"embeddable":true,"href":"https:\/\/elprapremium.com\/br\/wp-json\/wp\/v2\/comments?post=2220"}],"wp:featuredmedia":[{"embeddable":true,"href":"https:\/\/elprapremium.com\/br\/wp-json\/wp\/v2\/media\/2225"}],"wp:attachment":[{"href":"https:\/\/elprapremium.com\/br\/wp-json\/wp\/v2\/media?parent=2220"}],"wp:term":[{"taxonomy":"product_brand","embeddable":true,"href":"https:\/\/elprapremium.com\/br\/wp-json\/wp\/v2\/product_brand?post=2220"},{"taxonomy":"product_cat","embeddable":true,"href":"https:\/\/elprapremium.com\/br\/wp-json\/wp\/v2\/product_cat?post=2220"},{"taxonomy":"product_tag","embeddable":true,"href":"https:\/\/elprapremium.com\/br\/wp-json\/wp\/v2\/product_tag?post=2220"}],"curies":[{"name":"wp","href":"https:\/\/api.w.org\/{rel}","templated":true}]}}