{"id":2216,"date":"2025-11-01T09:43:43","date_gmt":"2025-11-01T09:43:43","guid":{"rendered":"https:\/\/elprapremium.creativebuffs.com\/?post_type=product&#038;p=2216"},"modified":"2026-01-13T09:58:18","modified_gmt":"2026-01-13T09:58:18","slug":"bielas","status":"publish","type":"product","link":"https:\/\/elprapremium.com\/br\/product\/motor-partes\/bielas\/","title":{"rendered":"Bielas"},"content":{"rendered":"","protected":false},"excerpt":{"rendered":"<p><span dir=\"auto\">Nossas bielas s\u00e3o fabricadas sob rigorosos padr\u00f5es de controle de qualidade, garantindo que entregamos o melhor produto poss\u00edvel. Cada componente, do menor ao maior, passa por testes rigorosos antes do envio. Fornecemos conjuntos completos, incluindo munh\u00f5es de biela, rolamentos grandes e pequenos.<\/span><\/p>\n<p><strong><span dir=\"auto\">Pontos fortes:<\/span><\/strong><\/p>\n<ul>\n<li><span dir=\"auto\">Mat\u00e9ria-prima em a\u00e7o grau 20CrMo<\/span><\/li>\n<li><span dir=\"auto\">Alta resist\u00eancia e alto desempenho<\/span><\/li>\n<li><span dir=\"auto\">Resist\u00eancia a altas temperaturas<\/span><\/li>\n<\/ul>\n<p><strong><span dir=\"auto\">Caracter\u00edsticas:<\/span><\/strong><\/p>\n<ul>\n<li><span dir=\"auto\">For\u00e7a superior, durabilidade e consist\u00eancia dimensional<\/span><\/li>\n<li><span dir=\"auto\">Mat\u00e9ria-prima utilizada: 20CrMo<\/span><\/li>\n<li><span dir=\"auto\">Alta resist\u00eancia e alto desempenho<\/span><\/li>\n<li><span dir=\"auto\">Dureza entre HRC 60-62<\/span><\/li>\n<li><span dir=\"auto\">Profundidade de cementa\u00e7\u00e3o do tratamento t\u00e9rmico de 0,8 \u2013 1,2m<\/span><\/li>\n<li><span dir=\"auto\">Rugosidade superficial \u2264 0,2 RA<\/span><\/li>\n<li><span dir=\"auto\">Resistente a altas temperaturas<\/span><\/li>\n<li><span dir=\"auto\">A\u00e7o-liga refor\u00e7ado com material endurecido<\/span><\/li>\n<li><span dir=\"auto\">Melhorado para melhor reten\u00e7\u00e3o de \u00f3leo<\/span><\/li>\n<li><span dir=\"auto\">Pinos cementados e afiados<\/span><\/li>\n<li><span dir=\"auto\">Rolamentos importados de Taiwan<\/span><\/li>\n<\/ul>\n","protected":false},"featured_media":2226,"comment_status":"closed","ping_status":"closed","template":"","meta":[],"product_brand":[],"product_cat":[49],"product_tag":[],"class_list":{"0":"post-2216","1":"product","2":"type-product","3":"status-publish","4":"has-post-thumbnail","6":"product_cat-motor-partes","8":"first","9":"instock","10":"shipping-taxable","11":"product-type-simple"},"_links":{"self":[{"href":"https:\/\/elprapremium.com\/br\/wp-json\/wp\/v2\/product\/2216","targetHints":{"allow":["GET"]}}],"collection":[{"href":"https:\/\/elprapremium.com\/br\/wp-json\/wp\/v2\/product"}],"about":[{"href":"https:\/\/elprapremium.com\/br\/wp-json\/wp\/v2\/types\/product"}],"replies":[{"embeddable":true,"href":"https:\/\/elprapremium.com\/br\/wp-json\/wp\/v2\/comments?post=2216"}],"wp:featuredmedia":[{"embeddable":true,"href":"https:\/\/elprapremium.com\/br\/wp-json\/wp\/v2\/media\/2226"}],"wp:attachment":[{"href":"https:\/\/elprapremium.com\/br\/wp-json\/wp\/v2\/media?parent=2216"}],"wp:term":[{"taxonomy":"product_brand","embeddable":true,"href":"https:\/\/elprapremium.com\/br\/wp-json\/wp\/v2\/product_brand?post=2216"},{"taxonomy":"product_cat","embeddable":true,"href":"https:\/\/elprapremium.com\/br\/wp-json\/wp\/v2\/product_cat?post=2216"},{"taxonomy":"product_tag","embeddable":true,"href":"https:\/\/elprapremium.com\/br\/wp-json\/wp\/v2\/product_tag?post=2216"}],"curies":[{"name":"wp","href":"https:\/\/api.w.org\/{rel}","templated":true}]}}