{"id":2210,"date":"2025-11-01T09:34:00","date_gmt":"2025-11-01T09:34:00","guid":{"rendered":"https:\/\/elprapremium.creativebuffs.com\/?post_type=product&#038;p=2210"},"modified":"2025-12-17T07:31:44","modified_gmt":"2025-12-17T07:31:44","slug":"discos-de-embreagem","status":"publish","type":"product","link":"https:\/\/elprapremium.com\/br\/product\/motor-partes\/discos-de-embreagem\/","title":{"rendered":"Discos de embreagem"},"content":{"rendered":"","protected":false},"excerpt":{"rendered":"<p>Produzimos discos de embreagem para ve\u00edculos de 50cc a 220cc. Desde as mat\u00e9rias-primas at\u00e9 a precis\u00e3o de cada processo, nossos discos de embreagem s\u00e3o excelentes em todos os aspectos. Cada pe\u00e7a que fabricamos garante uma experi\u00eancia de condu\u00e7\u00e3o perfeita. Nossos discos de embreagem s\u00e3o incompar\u00e1veis em termos de confiabilidade, durabilidade e desempenho, pois seguem rigorosos padr\u00f5es da ind\u00fastria e utilizam componentes genu\u00ednos.<br \/>\n<\/span><\/p>\n<p class=\"prd-tt-txt\"><span dir=\"auto\">CARACTER\u00cdSTICAS<\/span><\/p>\n<ul class=\"nuestra-dist-list-item\">\n<li><span dir=\"auto\">N\u00edveis de fric\u00e7\u00e3o altos e est\u00e1veis<\/span><\/li>\n<li><span dir=\"auto\">Excelente resist\u00eancia ao desgaste<\/span><\/li>\n<li><span dir=\"auto\">Superf\u00edcie superior que proporciona melhor desempenho de torque<\/span><\/li>\n<li><span dir=\"auto\">Maior durabilidade<\/span><\/li>\n<li><span dir=\"auto\">Anticorros\u00e3o<\/span><\/li>\n<li><span dir=\"auto\">Opera\u00e7\u00e3o \u00famida<\/span><\/li>\n<li><span dir=\"auto\">Trocas de marcha mais suaves<\/span><\/li>\n<li><span dir=\"auto\">Coeficiente de fric\u00e7\u00e3o est\u00e1vel<\/span><\/li>\n<\/ul>\n","protected":false},"featured_media":2215,"comment_status":"closed","ping_status":"closed","template":"","meta":[],"product_brand":[],"product_cat":[49],"product_tag":[],"class_list":{"0":"post-2210","1":"product","2":"type-product","3":"status-publish","4":"has-post-thumbnail","6":"product_cat-motor-partes","8":"first","9":"instock","10":"shipping-taxable","11":"product-type-simple"},"_links":{"self":[{"href":"https:\/\/elprapremium.com\/br\/wp-json\/wp\/v2\/product\/2210","targetHints":{"allow":["GET"]}}],"collection":[{"href":"https:\/\/elprapremium.com\/br\/wp-json\/wp\/v2\/product"}],"about":[{"href":"https:\/\/elprapremium.com\/br\/wp-json\/wp\/v2\/types\/product"}],"replies":[{"embeddable":true,"href":"https:\/\/elprapremium.com\/br\/wp-json\/wp\/v2\/comments?post=2210"}],"wp:featuredmedia":[{"embeddable":true,"href":"https:\/\/elprapremium.com\/br\/wp-json\/wp\/v2\/media\/2215"}],"wp:attachment":[{"href":"https:\/\/elprapremium.com\/br\/wp-json\/wp\/v2\/media?parent=2210"}],"wp:term":[{"taxonomy":"product_brand","embeddable":true,"href":"https:\/\/elprapremium.com\/br\/wp-json\/wp\/v2\/product_brand?post=2210"},{"taxonomy":"product_cat","embeddable":true,"href":"https:\/\/elprapremium.com\/br\/wp-json\/wp\/v2\/product_cat?post=2210"},{"taxonomy":"product_tag","embeddable":true,"href":"https:\/\/elprapremium.com\/br\/wp-json\/wp\/v2\/product_tag?post=2210"}],"curies":[{"name":"wp","href":"https:\/\/api.w.org\/{rel}","templated":true}]}}