{"id":2195,"date":"2025-11-01T09:17:59","date_gmt":"2025-11-01T09:17:59","guid":{"rendered":"https:\/\/elprapremium.creativebuffs.com\/?post_type=product&#038;p=2195"},"modified":"2025-12-17T07:17:59","modified_gmt":"2025-12-17T07:17:59","slug":"pedais","status":"publish","type":"product","link":"https:\/\/elprapremium.com\/br\/product\/freio-e-partes-do-corpo\/pedais\/","title":{"rendered":"Pedais"},"content":{"rendered":"","protected":false},"excerpt":{"rendered":"<p><span dir=\"auto\">Fabricamos conjuntos de pedais para uma ampla gama de modelos e nossas pe\u00e7as de reposi\u00e7\u00e3o s\u00e3o compat\u00edveis com as principais marcas de motocicletas do mundo.<\/span><\/p>\n<p><strong><span dir=\"auto\">Caracter\u00edsticas:<\/span><\/strong><\/p>\n<ul>\n<li><span dir=\"auto\">Resist\u00eancia \u00e0 corros\u00e3o<\/span><\/li>\n<li><span dir=\"auto\">Acabamento liso<\/span><\/li>\n<li><span dir=\"auto\">Medi\u00e7\u00f5es precisas<\/span><\/li>\n<li><span dir=\"auto\">Dur\u00e1vel<\/span><\/li>\n<li><span dir=\"auto\">Soldagem de Alta Resist\u00eancia<\/span><\/li>\n<li><span dir=\"auto\">folheado de 6\u00aa qualidade<\/span><\/li>\n<\/ul>\n","protected":false},"featured_media":2205,"comment_status":"closed","ping_status":"closed","template":"","meta":[],"product_brand":[],"product_cat":[48],"product_tag":[],"class_list":{"0":"post-2195","1":"product","2":"type-product","3":"status-publish","4":"has-post-thumbnail","6":"product_cat-freio-e-partes-do-corpo","8":"first","9":"instock","10":"shipping-taxable","11":"product-type-simple"},"_links":{"self":[{"href":"https:\/\/elprapremium.com\/br\/wp-json\/wp\/v2\/product\/2195","targetHints":{"allow":["GET"]}}],"collection":[{"href":"https:\/\/elprapremium.com\/br\/wp-json\/wp\/v2\/product"}],"about":[{"href":"https:\/\/elprapremium.com\/br\/wp-json\/wp\/v2\/types\/product"}],"replies":[{"embeddable":true,"href":"https:\/\/elprapremium.com\/br\/wp-json\/wp\/v2\/comments?post=2195"}],"wp:featuredmedia":[{"embeddable":true,"href":"https:\/\/elprapremium.com\/br\/wp-json\/wp\/v2\/media\/2205"}],"wp:attachment":[{"href":"https:\/\/elprapremium.com\/br\/wp-json\/wp\/v2\/media?parent=2195"}],"wp:term":[{"taxonomy":"product_brand","embeddable":true,"href":"https:\/\/elprapremium.com\/br\/wp-json\/wp\/v2\/product_brand?post=2195"},{"taxonomy":"product_cat","embeddable":true,"href":"https:\/\/elprapremium.com\/br\/wp-json\/wp\/v2\/product_cat?post=2195"},{"taxonomy":"product_tag","embeddable":true,"href":"https:\/\/elprapremium.com\/br\/wp-json\/wp\/v2\/product_tag?post=2195"}],"curies":[{"name":"wp","href":"https:\/\/api.w.org\/{rel}","templated":true}]}}