{"id":2187,"date":"2025-11-01T09:00:11","date_gmt":"2025-11-01T09:00:11","guid":{"rendered":"https:\/\/elprapremium.creativebuffs.com\/?post_type=product&#038;p=2187"},"modified":"2025-12-16T17:56:29","modified_gmt":"2025-12-16T17:56:29","slug":"conjunto-de-tampa-do-tanque-e-trava","status":"publish","type":"product","link":"https:\/\/elprapremium.com\/br\/product\/freio-e-partes-do-corpo\/conjunto-de-tampa-do-tanque-e-trava\/","title":{"rendered":"Conjunto de tampa do tanque e trava"},"content":{"rendered":"","protected":false},"excerpt":{"rendered":"<p>O conjunto de igni\u00e7\u00e3o \u00e9 composto por 8 pe\u00e7as diferentes: tampa do tanque de combust\u00edvel, trava, trava do capacete, parafuso de seguran\u00e7a, trava da al\u00e7a lateral, chaves, cilindro de igni\u00e7\u00e3o e trava do banco. Utilizamos o ADC12, que possui alto teor de cobre. Em outras palavras, isso significa durabilidade e longevidade excepcionais. O ADC12 aumenta a resist\u00eancia do material \u00e0 quebra sob tens\u00e3o ou carga. Ele tamb\u00e9m melhora a resist\u00eancia \u00e0 tra\u00e7\u00e3o do material, permitindo que ele suporte a quantidade m\u00e1xima de tens\u00e3o antes de se romper. As ligas de alum\u00ednio-cobre, frequentemente com outras adi\u00e7\u00f5es, formam importantes fam\u00edlias de ligas. Tanto as ligas de alum\u00ednio-cobre fundidas quanto as forjadas respondem ao tratamento t\u00e9rmico e ao envelhecimento subsequente com maior alongamento.<\/p>\n<p><strong><span dir=\"auto\">Pontos fortes:<\/span><\/strong><\/p>\n<ul>\n<li><span dir=\"auto\">Utiliza\u00e7\u00e3o de mat\u00e9rias-primas de alta qualidade<\/span><\/li>\n<li><span dir=\"auto\">Teclas de cobre de alta qualidade para evitar oxida\u00e7\u00e3o.<\/span><\/li>\n<li><span dir=\"auto\">Alta durabilidade<\/span><\/li>\n<li><span dir=\"auto\">Controle de qualidade rigoroso<\/span><\/li>\n<\/ul>\n","protected":false},"featured_media":2188,"comment_status":"closed","ping_status":"closed","template":"","meta":[],"product_brand":[],"product_cat":[48],"product_tag":[],"class_list":{"0":"post-2187","1":"product","2":"type-product","3":"status-publish","4":"has-post-thumbnail","6":"product_cat-freio-e-partes-do-corpo","8":"first","9":"instock","10":"shipping-taxable","11":"product-type-simple"},"_links":{"self":[{"href":"https:\/\/elprapremium.com\/br\/wp-json\/wp\/v2\/product\/2187","targetHints":{"allow":["GET"]}}],"collection":[{"href":"https:\/\/elprapremium.com\/br\/wp-json\/wp\/v2\/product"}],"about":[{"href":"https:\/\/elprapremium.com\/br\/wp-json\/wp\/v2\/types\/product"}],"replies":[{"embeddable":true,"href":"https:\/\/elprapremium.com\/br\/wp-json\/wp\/v2\/comments?post=2187"}],"wp:featuredmedia":[{"embeddable":true,"href":"https:\/\/elprapremium.com\/br\/wp-json\/wp\/v2\/media\/2188"}],"wp:attachment":[{"href":"https:\/\/elprapremium.com\/br\/wp-json\/wp\/v2\/media?parent=2187"}],"wp:term":[{"taxonomy":"product_brand","embeddable":true,"href":"https:\/\/elprapremium.com\/br\/wp-json\/wp\/v2\/product_brand?post=2187"},{"taxonomy":"product_cat","embeddable":true,"href":"https:\/\/elprapremium.com\/br\/wp-json\/wp\/v2\/product_cat?post=2187"},{"taxonomy":"product_tag","embeddable":true,"href":"https:\/\/elprapremium.com\/br\/wp-json\/wp\/v2\/product_tag?post=2187"}],"curies":[{"name":"wp","href":"https:\/\/api.w.org\/{rel}","templated":true}]}}