{"id":2178,"date":"2025-11-01T09:19:38","date_gmt":"2025-11-01T09:19:38","guid":{"rendered":"https:\/\/elprapremium.creativebuffs.com\/?post_type=product&#038;p=2178"},"modified":"2025-12-17T07:30:49","modified_gmt":"2025-12-17T07:30:49","slug":"carburadores","status":"publish","type":"product","link":"https:\/\/elprapremium.com\/br\/product\/motor-partes\/carburadores\/","title":{"rendered":"Carburadores"},"content":{"rendered":"","protected":false},"excerpt":{"rendered":"<p>Nosso forte compromisso em permanecer uma organiza\u00e7\u00e3o orientada para a qualidade, aliado a iniciativas inovadoras de desenvolvimento de produtos, garante que nossos produtos sejam aceitos e preferidos por clientes em todo o mundo. Nossa expertise e superioridade derivam dos mais altos padr\u00f5es de qualidade e seguran\u00e7a, que seguimos rigorosamente.<br \/>\n<\/span><\/p>\n<p class=\"prd-tt-txt\"><span dir=\"auto\"><br \/>\nSonhamos em liderar o caminho para um futuro melhor e mais seguro com nossos carburadores confi\u00e1veis e economicamente acess\u00edveis.<br \/>\n<\/span><\/p>\n<p class=\"prd-tt-txt\"><span dir=\"auto\">PONTOS FORTES<\/span><\/p>\n<ul class=\"nuestra-dist-list-item\">\n<li><span dir=\"auto\">Baixo consumo de combust\u00edvel<\/span><\/li>\n<li><span dir=\"auto\">Controle de Qualidade Interno<\/span><\/li>\n<li><span dir=\"auto\">Capacidade de produ\u00e7\u00e3o de ~100.000 unidades por m\u00eas<\/span><\/li>\n<li><span dir=\"auto\">Tempo de produ\u00e7\u00e3o adequado<\/span><\/li>\n<li><span dir=\"auto\">Processos de produ\u00e7\u00e3o simplificados<\/span><\/li>\n<li><span dir=\"auto\">Ampla variedade de carburadores dispon\u00edveis<\/span><\/li>\n<\/ul>\n<p class=\"prd-tt-txt\"><span dir=\"auto\">CARACTER\u00cdSTICAS<\/span><\/p>\n<ul class=\"nuestra-dist-list-item\">\n<li><span dir=\"auto\">Mat\u00e9rias-primas utilizadas: ADC-12 e Zamak<\/span><\/li>\n<li><span dir=\"auto\">100% testados contra vazamentos de combust\u00edvel<\/span><\/li>\n<li><span dir=\"auto\">Baixo consumo de combust\u00edvel<\/span><\/li>\n<li><span dir=\"auto\">Opera\u00e7\u00e3o muito est\u00e1vel<\/span><\/li>\n<\/ul>\n","protected":false},"featured_media":2206,"comment_status":"closed","ping_status":"closed","template":"","meta":[],"product_brand":[],"product_cat":[49],"product_tag":[],"class_list":{"0":"post-2178","1":"product","2":"type-product","3":"status-publish","4":"has-post-thumbnail","6":"product_cat-motor-partes","8":"first","9":"instock","10":"shipping-taxable","11":"product-type-simple"},"_links":{"self":[{"href":"https:\/\/elprapremium.com\/br\/wp-json\/wp\/v2\/product\/2178","targetHints":{"allow":["GET"]}}],"collection":[{"href":"https:\/\/elprapremium.com\/br\/wp-json\/wp\/v2\/product"}],"about":[{"href":"https:\/\/elprapremium.com\/br\/wp-json\/wp\/v2\/types\/product"}],"replies":[{"embeddable":true,"href":"https:\/\/elprapremium.com\/br\/wp-json\/wp\/v2\/comments?post=2178"}],"wp:featuredmedia":[{"embeddable":true,"href":"https:\/\/elprapremium.com\/br\/wp-json\/wp\/v2\/media\/2206"}],"wp:attachment":[{"href":"https:\/\/elprapremium.com\/br\/wp-json\/wp\/v2\/media?parent=2178"}],"wp:term":[{"taxonomy":"product_brand","embeddable":true,"href":"https:\/\/elprapremium.com\/br\/wp-json\/wp\/v2\/product_brand?post=2178"},{"taxonomy":"product_cat","embeddable":true,"href":"https:\/\/elprapremium.com\/br\/wp-json\/wp\/v2\/product_cat?post=2178"},{"taxonomy":"product_tag","embeddable":true,"href":"https:\/\/elprapremium.com\/br\/wp-json\/wp\/v2\/product_tag?post=2178"}],"curies":[{"name":"wp","href":"https:\/\/api.w.org\/{rel}","templated":true}]}}