{"id":2177,"date":"2025-11-01T08:26:58","date_gmt":"2025-11-01T08:26:58","guid":{"rendered":"https:\/\/elprapremium.creativebuffs.com\/?post_type=product&#038;p=2177"},"modified":"2025-12-16T17:54:50","modified_gmt":"2025-12-16T17:54:50","slug":"cabos","status":"publish","type":"product","link":"https:\/\/elprapremium.com\/br\/product\/freio-e-partes-do-corpo\/cabos\/","title":{"rendered":"Cabos"},"content":{"rendered":"","protected":false},"excerpt":{"rendered":"<p><span dir=\"auto\">Utilizamos a tecnologia mais recente, aliada a quase uma d\u00e9cada de trabalho \u00e1rduo e dedica\u00e7\u00e3o. Nossa qualidade superior se deve \u00e0 tecnologia de ponta, ao uso de PVC virgem e a um cabo interno mais espesso.<\/span><\/p>\n<p><strong><span dir=\"auto\">\u00a0Caracter\u00edsticas:<\/span><\/strong><\/p>\n<ul>\n<li><span dir=\"auto\">Um rigoroso controle de qualidade e a utiliza\u00e7\u00e3o de materiais de alta qualidade garantem um encaixe perfeito.<\/span><\/li>\n<li><span dir=\"auto\">Revestimento externo em PVC preto para m\u00e1xima flexibilidade e durabilidade.<\/span><\/li>\n<li><span dir=\"auto\">Revestimento interno de a\u00e7o firmemente enrolado para baixa compress\u00e3o.<\/span><\/li>\n<li><span dir=\"auto\">Uma camisa interna de nylon pr\u00e9-lubrificada garante um funcionamento suave e uma longa vida \u00fatil.<\/span><\/li>\n<li><span dir=\"auto\">Todas as extremidades dos cabos s\u00e3o protegidas antes da montagem final para oferecer maior resist\u00eancia \u00e0 tra\u00e7\u00e3o.<\/span><\/li>\n<li><span dir=\"auto\">Pe\u00e7as totalmente testadas<\/span><\/li>\n<li><span dir=\"auto\">Fabrica\u00e7\u00e3o em fluxo cont\u00ednuo<\/span><\/li>\n<li><span dir=\"auto\">Movimento sem atrito<\/span><\/li>\n<li><span dir=\"auto\">Utiliza\u00e7\u00e3o de materiais avan\u00e7ados<\/span><\/li>\n<li><span dir=\"auto\">Excelente resist\u00eancia ao calor<\/span><\/li>\n<li><span dir=\"auto\">Durabilidade e design compacto<\/span><\/li>\n<li><span dir=\"auto\">Grande flexibilidade<\/span><\/li>\n<li><span dir=\"auto\">Resistente \u00e0 abras\u00e3o<\/span><\/li>\n<li><span dir=\"auto\">Raio de curvatura ajustado<\/span><\/li>\n<li><span dir=\"auto\">Di\u00e2metro total pequeno<\/span><\/li>\n<li><span dir=\"auto\">Carga de ruptura de 5 kN<\/span><\/li>\n<\/ul>\n","protected":false},"featured_media":2179,"comment_status":"closed","ping_status":"closed","template":"","meta":[],"product_brand":[],"product_cat":[48],"product_tag":[],"class_list":{"0":"post-2177","1":"product","2":"type-product","3":"status-publish","4":"has-post-thumbnail","6":"product_cat-freio-e-partes-do-corpo","8":"first","9":"instock","10":"shipping-taxable","11":"product-type-simple"},"_links":{"self":[{"href":"https:\/\/elprapremium.com\/br\/wp-json\/wp\/v2\/product\/2177","targetHints":{"allow":["GET"]}}],"collection":[{"href":"https:\/\/elprapremium.com\/br\/wp-json\/wp\/v2\/product"}],"about":[{"href":"https:\/\/elprapremium.com\/br\/wp-json\/wp\/v2\/types\/product"}],"replies":[{"embeddable":true,"href":"https:\/\/elprapremium.com\/br\/wp-json\/wp\/v2\/comments?post=2177"}],"wp:featuredmedia":[{"embeddable":true,"href":"https:\/\/elprapremium.com\/br\/wp-json\/wp\/v2\/media\/2179"}],"wp:attachment":[{"href":"https:\/\/elprapremium.com\/br\/wp-json\/wp\/v2\/media?parent=2177"}],"wp:term":[{"taxonomy":"product_brand","embeddable":true,"href":"https:\/\/elprapremium.com\/br\/wp-json\/wp\/v2\/product_brand?post=2177"},{"taxonomy":"product_cat","embeddable":true,"href":"https:\/\/elprapremium.com\/br\/wp-json\/wp\/v2\/product_cat?post=2177"},{"taxonomy":"product_tag","embeddable":true,"href":"https:\/\/elprapremium.com\/br\/wp-json\/wp\/v2\/product_tag?post=2177"}],"curies":[{"name":"wp","href":"https:\/\/api.w.org\/{rel}","templated":true}]}}