{"id":2139,"date":"2025-10-31T13:20:51","date_gmt":"2025-10-31T13:20:51","guid":{"rendered":"https:\/\/elprapremium.creativebuffs.com\/?post_type=product&#038;p=2139"},"modified":"2025-12-16T16:03:44","modified_gmt":"2025-12-16T16:03:44","slug":"rolamentos","status":"publish","type":"product","link":"https:\/\/elprapremium.com\/br\/product\/freio-e-partes-do-corpo\/rolamentos\/","title":{"rendered":"Rolamentos"},"content":{"rendered":"<p class=\"prd-tt-txt\"><span dir=\"auto\">Nossos rolamentos utilizam a\u00e7o Gcr15 de alta qualidade<\/span><\/p>\n<div id=\"style-4\" class=\"table-scrl\">\n<table class=\"material-tab\" width=\"800\">\n<tbody>\n<tr>\n<th width=\"50\"><span dir=\"auto\">Item<\/span><\/th>\n<th width=\"110\"><span dir=\"auto\">Par\u00e2metro<\/span><\/th>\n<th width=\"110\"><span dir=\"auto\">Detalhes<\/span><\/th>\n<th width=\"120\"><span dir=\"auto\">Elpra<\/span><\/th>\n<th width=\"200\"><span dir=\"auto\">Produto Chin\u00eas<\/span><\/th>\n<th width=\"200\"><span dir=\"auto\">Vantagens da Elpra<\/span><\/th>\n<\/tr>\n<tr>\n<th rowspan=\"3\" width=\"33\"><span dir=\"auto\">1<\/span><\/th>\n<td rowspan=\"3\" width=\"68\"><strong><span dir=\"auto\">BOP<\/span><\/strong><\/td>\n<td width=\"60\"><strong><span dir=\"auto\">Veda\u00e7\u00e3o<\/span><\/strong><\/td>\n<td width=\"97\"><span dir=\"auto\">Processo interno<\/span><\/td>\n<td width=\"167\"><span dir=\"auto\">Processo terceirizado<\/span><\/td>\n<td width=\"167\"><span dir=\"auto\">Fabrica\u00e7\u00e3o interna garante melhor controle de qualidade das pe\u00e7as produzidas.<\/span><\/td>\n<\/tr>\n<tr>\n<td width=\"60\"><strong><span dir=\"auto\">Engraxado<\/span><\/strong><\/td>\n<td width=\"97\"><span dir=\"auto\">Processo terceirizado<\/span><\/td>\n<td width=\"167\"><span dir=\"auto\">Processo terceirizado<\/span><\/td>\n<td width=\"167\"><span dir=\"auto\">Terceirizado pelo melhor fornecedor<\/span><\/td>\n<\/tr>\n<tr>\n<td width=\"60\"><strong><span dir=\"auto\">Esferas<\/span><\/strong><\/td>\n<td width=\"97\"><span dir=\"auto\">Processo terceirizado<\/span><\/td>\n<td width=\"167\"><span dir=\"auto\">Processo terceirizado<\/span><\/td>\n<td width=\"167\"><span dir=\"auto\">Terceirizado pelo melhor fornecedor<\/span><\/td>\n<\/tr>\n<tr>\n<th width=\"33\"><span dir=\"auto\">2<\/span><\/th>\n<td width=\"68\"><strong><span dir=\"auto\">Mat\u00e9ria-prima<\/span><\/strong><\/td>\n<td width=\"60\"><strong><span dir=\"auto\">A\u00e7o GCr15<\/span><\/strong><\/td>\n<td width=\"97\"><span dir=\"auto\">A\u00e7o GCr15 de alta qualidade<\/span><\/td>\n<td width=\"167\"><span dir=\"auto\">Mat\u00e9ria-prima abaixo do padr\u00e3o<\/span><\/td>\n<td width=\"167\"><\/td>\n<\/tr>\n<\/tbody>\n<\/table>\n<\/div>\n","protected":false},"excerpt":{"rendered":"<p class=\"product_title entry-title\"><span style=\"font-size: 16px;\">Fabricamos rolamentos de alto desempenho para motocicletas que oferecem qualidade ideal e s\u00e3o perfeitamente adequados para atender \u00e0s demandas espec\u00edficas de nossos clientes. Nosso forte compromisso com a qualidade, aliado a iniciativas inovadoras de desenvolvimento de produtos, garante que nossos produtos sejam reconhecidos e aceitos por clientes em todo o mundo. Nossa equipe de especialistas segue os mais altos padr\u00f5es de qualidade e seguran\u00e7a para entregar o melhor.<\/span><\/p>\n<div class=\"woocommerce-product-details__short-description\">\n<p><span dir=\"auto\">Caracter\u00edsticas:<\/span><\/p>\n<ul>\n<li><span dir=\"auto\">Sistema de lubrifica\u00e7\u00e3o simples<\/span><\/li>\n<li><span dir=\"auto\">Capacidade de autoalinhamento<\/span><\/li>\n<li><span dir=\"auto\">Capacidade de carga de empuxo de n\u00edvel m\u00e9dio a alto<\/span><\/li>\n<li><span dir=\"auto\">Capacidade de carga din\u00e2mica m\u00e9dia em todos os \u00e2ngulos<\/span><\/li>\n<li><span dir=\"auto\">Bom desempenho em alta velocidade em sulcos profundos e contatos angulares.<\/span><\/li>\n<li><span dir=\"auto\">Baixo atrito operacional<\/span><\/li>\n<li><span dir=\"auto\">Baixo atrito inicial<\/span><\/li>\n<li><span dir=\"auto\">Alta toler\u00e2ncia ao desalinhamento<\/span><\/li>\n<li><span dir=\"auto\">Alta toler\u00e2ncia \u00e0 sujeira<\/span><\/li>\n<li><span dir=\"auto\">Qualidade Z1<\/span><\/li>\n<\/ul>\n<\/div>\n","protected":false},"featured_media":2140,"comment_status":"closed","ping_status":"closed","template":"","meta":[],"product_brand":[],"product_cat":[48],"product_tag":[],"class_list":{"0":"post-2139","1":"product","2":"type-product","3":"status-publish","4":"has-post-thumbnail","6":"product_cat-freio-e-partes-do-corpo","8":"first","9":"instock","10":"shipping-taxable","11":"product-type-simple"},"_links":{"self":[{"href":"https:\/\/elprapremium.com\/br\/wp-json\/wp\/v2\/product\/2139","targetHints":{"allow":["GET"]}}],"collection":[{"href":"https:\/\/elprapremium.com\/br\/wp-json\/wp\/v2\/product"}],"about":[{"href":"https:\/\/elprapremium.com\/br\/wp-json\/wp\/v2\/types\/product"}],"replies":[{"embeddable":true,"href":"https:\/\/elprapremium.com\/br\/wp-json\/wp\/v2\/comments?post=2139"}],"wp:featuredmedia":[{"embeddable":true,"href":"https:\/\/elprapremium.com\/br\/wp-json\/wp\/v2\/media\/2140"}],"wp:attachment":[{"href":"https:\/\/elprapremium.com\/br\/wp-json\/wp\/v2\/media?parent=2139"}],"wp:term":[{"taxonomy":"product_brand","embeddable":true,"href":"https:\/\/elprapremium.com\/br\/wp-json\/wp\/v2\/product_brand?post=2139"},{"taxonomy":"product_cat","embeddable":true,"href":"https:\/\/elprapremium.com\/br\/wp-json\/wp\/v2\/product_cat?post=2139"},{"taxonomy":"product_tag","embeddable":true,"href":"https:\/\/elprapremium.com\/br\/wp-json\/wp\/v2\/product_tag?post=2139"}],"curies":[{"name":"wp","href":"https:\/\/api.w.org\/{rel}","templated":true}]}}