{"id":38,"date":"2019-08-29T04:09:10","date_gmt":"2019-08-29T04:09:10","guid":{"rendered":"https:\/\/demo.cmssuperheroes.com\/themeforest\/koira\/?page_id=38"},"modified":"2025-12-16T19:00:37","modified_gmt":"2025-12-16T19:00:37","slug":"perguntas-frequentes","status":"publish","type":"page","link":"https:\/\/elprapremium.com\/br\/perguntas-frequentes\/","title":{"rendered":"Perguntas frequentes"},"content":{"rendered":"\t\t<div data-elementor-type=\"wp-page\" data-elementor-id=\"38\" class=\"elementor elementor-38\">\n\t\t\t\t\t\t<section class=\"elementor-section elementor-top-section elementor-element elementor-element-d7203a9 elementor-section-stretched elementor-section-boxed elementor-section-height-default elementor-section-height-default\" data-id=\"d7203a9\" data-element_type=\"section\" data-e-type=\"section\" data-settings=\"{&quot;stretch_section&quot;:&quot;section-stretched&quot;,&quot;background_background&quot;:&quot;classic&quot;}\">\r\n\t\t\t\t\t\t\t<div class=\"elementor-background-overlay\"><\/div>\r\n\t\t\t\t\t\t\t<div class=\"elementor-container elementor-column-gap-default \" >\r\n\t\t\t        <div class=\"elementor-column elementor-col-100 elementor-top-column elementor-element elementor-element-9b45471\" data-id=\"9b45471\" data-element_type=\"column\" data-e-type=\"column\">\r\n            <div class=\"elementor-widget-wrap elementor-element-populated\">\r\n                \t\t<section class=\"elementor-section elementor-inner-section elementor-element elementor-element-7fc5067 elementor-section-content-middle elementor-section-boxed elementor-section-height-default elementor-section-height-default\" data-id=\"7fc5067\" data-element_type=\"section\" data-e-type=\"section\">\r\n\t\t\t\t\t\t<div class=\"elementor-container elementor-column-gap-extended \" >\r\n\t\t\t        <div class=\"elementor-column elementor-col-50 elementor-inner-column elementor-element elementor-element-7af7e85\" data-id=\"7af7e85\" data-element_type=\"column\" data-e-type=\"column\">\r\n            <div class=\"elementor-widget-wrap elementor-element-populated\">\r\n                \t\t<div class=\"elementor-element elementor-element-8c6843a elementor-widget elementor-widget-cms_heading\" data-id=\"8c6843a\" data-element_type=\"widget\" data-e-type=\"widget\" data-widget_type=\"cms_heading.default\">\n\t\t\t\t<div class=\"elementor-widget-container\">\n\t\t\t\t\t<div class=\"cms-heading-wrapper cms-heading-layout1\">\r\n    \r\n            <h3 class=\"custom-heading\">\r\n            <span >Perguntas frequentes<br \/>\nQuest\u00f5es<\/span>\r\n        <\/h3>\r\n        \r\n    <\/div>\t\t\t\t<\/div>\n\t\t\t\t<\/div>\n\t\t            <\/div>\r\n        <\/div>\r\n                <div class=\"elementor-column elementor-col-50 elementor-inner-column elementor-element elementor-element-c6fae19\" data-id=\"c6fae19\" data-element_type=\"column\" data-e-type=\"column\">\r\n            <div class=\"elementor-widget-wrap elementor-element-populated\">\r\n                \t\t<div class=\"elementor-element elementor-element-788001c elementor-widget elementor-widget-cms_breadcrumb\" data-id=\"788001c\" data-element_type=\"widget\" data-e-type=\"widget\" data-widget_type=\"cms_breadcrumb.default\">\n\t\t\t\t<div class=\"elementor-widget-container\">\n\t\t\t\t\t<ul class=\"cms-breadcrumb\"><li><span class=\"breadcrumb-entry\">Home<\/span><\/li><\/ul>\t\t\t\t<\/div>\n\t\t\t\t<\/div>\n\t\t            <\/div>\r\n        <\/div>\r\n        \t\t\t<\/div>\r\n\t\t<\/section>\r\n\t\t            <\/div>\r\n        <\/div>\r\n        \t\t\t<\/div>\r\n\t\t<\/section>\r\n\t\t\t\t<section class=\"elementor-section elementor-top-section elementor-element elementor-element-4fbef02 elementor-section-boxed elementor-section-height-default elementor-section-height-default\" data-id=\"4fbef02\" data-element_type=\"section\" data-e-type=\"section\">\r\n\t\t\t\t\t\t<div class=\"elementor-container elementor-column-gap-extended \" >\r\n\t\t\t        <div class=\"elementor-column elementor-col-66 elementor-top-column elementor-element elementor-element-3d296c2\" data-id=\"3d296c2\" data-element_type=\"column\" data-e-type=\"column\">\r\n            <div class=\"elementor-widget-wrap elementor-element-populated\">\r\n                \t\t<div class=\"elementor-element elementor-element-039b314 elementor-widget elementor-widget-cms_accordion\" data-id=\"039b314\" data-element_type=\"widget\" data-e-type=\"widget\" data-widget_type=\"cms_accordion.default\">\n\t\t\t\t<div class=\"elementor-widget-container\">\n\t\t\t\t\t    <div id=\"cms_accordion-039b314\" class=\"cms-accordion layout1\">\r\n                    <div class=\"cms-accordion-item \">\r\n                <div class=\"cms-ac-title \" data-target=\"#e0b28d5cms_accordion-039b314\">\r\n                    <a class=\"cms-ac-title-text\">Por que se tornar nosso parceiro?<\/a>\r\n                <\/div>\r\n                <div id=\"e0b28d5cms_accordion-039b314\" class=\"cms-ac-content\">Somos um dos maiores fabricantes e exportadores. Produzimos uma enorme capacidade de aproximadamente 1 milh\u00e3o de unidades de diferentes produtos por m\u00eas e, ao mesmo tempo, dominamos uma ampla gama de cerca de 100 a 120 modelos diferentes. A promessa de qualidade e um mix de produtos incompar\u00e1vel nos definem. Nosso foco \u00e9 oferecer uma experi\u00eancia de qualidade premium e pe\u00e7as de reposi\u00e7\u00e3o altamente dur\u00e1veis \u200b\u200bpara o p\u00fablico em geral. Para isso, buscamos a inova\u00e7\u00e3o cont\u00ednua e, assim, introduzimos o mundo da ind\u00fastria de pe\u00e7as automotivas a um novo paradigma de excel\u00eancia. Tamb\u00e9m oferecemos os seguintes benef\u00edcios aos nossos parceiros:<br \/>\n<br \/>\n1. Gerente de contas dedicado<br \/>\n2. Suporte de marca\/marketing<br \/>\n3. Amplo conhecimento de importa\u00e7\u00e3o e conformidade com regulamenta\u00e7\u00f5es<br \/>\n4. Garantia de qualidade<br \/>\n5. Transa\u00e7\u00f5es comerciais 100% transparentes<br \/>\n7. Suporte \u00e0 promo\u00e7\u00e3o de vendas<br \/>\n8. Marca pr\u00f3pria (white labeling)<\/div>\r\n            <\/div>\r\n                    <div class=\"cms-accordion-item \">\r\n                <div class=\"cms-ac-title \" data-target=\"#a28b370cms_accordion-039b314\">\r\n                    <a class=\"cms-ac-title-text\">Em que tipo de atividades a empresa matriz - Eastmen Auto and Power - se desenvolve?<\/a>\r\n                <\/div>\r\n                <div id=\"a28b370cms_accordion-039b314\" class=\"cms-ac-content\">A Eastman atua no mercado internacional de produtos\/componentes automotivos (motocicletas).<br \/>\n<br \/>\n1. Pneus e c\u00e2maras de ar<br \/>\n2. Pe\u00e7as<br \/>\n3. Baterias<br \/>\n4. Motocicletas<br \/>\nSomos um fornecedor de servi\u00e7os completos, desde a sele\u00e7\u00e3o e o controle de qualidade at\u00e9 a log\u00edstica dos produtos para os pa\u00edses onde os fornecemos.<\/div>\r\n            <\/div>\r\n                    <div class=\"cms-accordion-item active\">\r\n                <div class=\"cms-ac-title active\" data-target=\"#df9931acms_accordion-039b314\">\r\n                    <a class=\"cms-ac-title-text\">Em que locais a marca\/empresa est\u00e1 presente?<\/a>\r\n                <\/div>\r\n                <div id=\"df9931acms_accordion-039b314\" class=\"cms-ac-content\" style=\"display:block;\">A empresa trabalha com diversos importadores\/distribuidores localizados em diferentes regi\u00f5es, incluindo Am\u00e9rica Latina, Oriente M\u00e9dio, \u00c1frica e \u00c1sia. Veja todas as nossas localiza\u00e7\u00f5es globais.<\/div>\r\n            <\/div>\r\n                    <div class=\"cms-accordion-item \">\r\n                <div class=\"cms-ac-title \" data-target=\"#ddebb03cms_accordion-039b314\">\r\n                    <a class=\"cms-ac-title-text\">Como se tornar um parceiro ou importador?<\/a>\r\n                <\/div>\r\n                <div id=\"ddebb03cms_accordion-039b314\" class=\"cms-ac-content\">A parceria com a Eastman abre um leque enorme de oportunidades. Voc\u00ea pode se tornar um parceiro simplesmente preenchendo um formul\u00e1rio para que possamos saber mais sobre voc\u00ea.<\/div>\r\n            <\/div>\r\n                    <div class=\"cms-accordion-item \">\r\n                <div class=\"cms-ac-title \" data-target=\"#d2d498acms_accordion-039b314\">\r\n                    <a class=\"cms-ac-title-text\">Onde a empresa est\u00e1 localizada?<\/a>\r\n                <\/div>\r\n                <div id=\"d2d498acms_accordion-039b314\" class=\"cms-ac-content\">A Eastman Auto and Power \u00e9 uma empresa internacional com sede em Gurugram, Haryana. O escrit\u00f3rio de marketing tamb\u00e9m fica em Gurugram, Haryana.<\/div>\r\n            <\/div>\r\n                    <div class=\"cms-accordion-item \">\r\n                <div class=\"cms-ac-title \" data-target=\"#2e9bf85cms_accordion-039b314\">\r\n                    <a class=\"cms-ac-title-text\">Como posso entrar em contato com a Eastman?<\/a>\r\n                <\/div>\r\n                <div id=\"2e9bf85cms_accordion-039b314\" class=\"cms-ac-content\">Envie um e-mail ou entre em contato por telefone\/celular usando as informa\u00e7\u00f5es da p\u00e1gina \"Fale Conosco\" ou simplesmente preencha o formul\u00e1rio.<\/div>\r\n            <\/div>\r\n                    <div class=\"cms-accordion-item \">\r\n                <div class=\"cms-ac-title \" data-target=\"#a45103bcms_accordion-039b314\">\r\n                    <a class=\"cms-ac-title-text\">E se eu tiver uma pergunta sobre qualquer outro assunto?<\/a>\r\n                <\/div>\r\n                <div id=\"a45103bcms_accordion-039b314\" class=\"cms-ac-content\">Escreva para a Eastman em eaplenquiry@eastmanglobal.com ou envie sua consulta aqui.<\/div>\r\n            <\/div>\r\n                    <div class=\"cms-accordion-item \">\r\n                <div class=\"cms-ac-title \" data-target=\"#a6819fecms_accordion-039b314\">\r\n                    <a class=\"cms-ac-title-text\">Onde posso encontrar informa\u00e7\u00f5es completas sobre a empresa?<\/a>\r\n                <\/div>\r\n                <div id=\"a6819fecms_accordion-039b314\" class=\"cms-ac-content\">Visite a p\u00e1gina da empresa.<\/div>\r\n            <\/div>\r\n                    <div class=\"cms-accordion-item \">\r\n                <div class=\"cms-ac-title \" data-target=\"#e2cf8a7cms_accordion-039b314\">\r\n                    <a class=\"cms-ac-title-text\">Posso obter mais informa\u00e7\u00f5es sobre o produto?<\/a>\r\n                <\/div>\r\n                <div id=\"e2cf8a7cms_accordion-039b314\" class=\"cms-ac-content\">Temos se\u00e7\u00f5es dedicadas a cada pe\u00e7a de reposi\u00e7\u00e3o. Obtenha informa\u00e7\u00f5es detalhadas sobre os produtos aqui.<\/div>\r\n            <\/div>\r\n            <\/div>\r\n\t\t\t\t<\/div>\n\t\t\t\t<\/div>\n\t\t            <\/div>\r\n        <\/div>\r\n                <div class=\"elementor-column elementor-col-33 elementor-top-column elementor-element elementor-element-583695c\" data-id=\"583695c\" data-element_type=\"column\" data-e-type=\"column\">\r\n            <div class=\"elementor-widget-wrap elementor-element-populated\">\r\n                \t\t<div class=\"elementor-element elementor-element-332a7efb elementor-widget elementor-widget-spacer\" data-id=\"332a7efb\" data-element_type=\"widget\" data-e-type=\"widget\" data-widget_type=\"spacer.default\">\n\t\t\t\t\t\t\t<div class=\"elementor-spacer\">\n\t\t\t<div class=\"elementor-spacer-inner\"><\/div>\n\t\t<\/div>\n\t\t\t\t\t\t<\/div>\n\t\t            <\/div>\r\n        <\/div>\r\n        \t\t\t<\/div>\r\n\t\t<\/section>\r\n\t\t\t\t<\/div>\n\t\t","protected":false},"excerpt":{"rendered":"<p>Perguntas frequentes Quest\u00f5es Home Por que se tornar nosso parceiro? Somos um dos maiores fabricantes e exportadores. Produzimos uma enorme capacidade de aproximadamente 1 milh\u00e3o de unidades de diferentes produtos por m\u00eas e, ao mesmo tempo, dominamos uma ampla gama de cerca de 100 a 120 modelos diferentes. A promessa de qualidade e um mix [&hellip;]<\/p>\n","protected":false},"author":1,"featured_media":0,"parent":0,"menu_order":0,"comment_status":"closed","ping_status":"closed","template":"","meta":{"footnotes":""},"class_list":["post-38","page","type-page","status-publish","hentry"],"_links":{"self":[{"href":"https:\/\/elprapremium.com\/br\/wp-json\/wp\/v2\/pages\/38","targetHints":{"allow":["GET"]}}],"collection":[{"href":"https:\/\/elprapremium.com\/br\/wp-json\/wp\/v2\/pages"}],"about":[{"href":"https:\/\/elprapremium.com\/br\/wp-json\/wp\/v2\/types\/page"}],"author":[{"embeddable":true,"href":"https:\/\/elprapremium.com\/br\/wp-json\/wp\/v2\/users\/1"}],"replies":[{"embeddable":true,"href":"https:\/\/elprapremium.com\/br\/wp-json\/wp\/v2\/comments?post=38"}],"version-history":[{"count":11,"href":"https:\/\/elprapremium.com\/br\/wp-json\/wp\/v2\/pages\/38\/revisions"}],"predecessor-version":[{"id":3223,"href":"https:\/\/elprapremium.com\/br\/wp-json\/wp\/v2\/pages\/38\/revisions\/3223"}],"wp:attachment":[{"href":"https:\/\/elprapremium.com\/br\/wp-json\/wp\/v2\/media?parent=38"}],"curies":[{"name":"wp","href":"https:\/\/api.w.org\/{rel}","templated":true}]}}